{"id":1101,"date":"2021-10-06T16:50:15","date_gmt":"2021-10-06T14:50:15","guid":{"rendered":"https:\/\/www.rm-communication.de\/home\/?page_id=1101"},"modified":"2021-10-06T16:53:26","modified_gmt":"2021-10-06T14:53:26","slug":"kontakt","status":"publish","type":"page","link":"https:\/\/www.rm-communication.de\/home\/kontakt\/","title":{"rendered":"Kontakt"},"content":{"rendered":"\n<h2 class=\"wp-block-heading\">So erreichen Sie uns!<\/h2>\n\n\n\n<p><strong>&#8222;Vertrauen schafft Vertrauen!&#8220;<\/strong><\/p>\n\n\n\n<p>Vertrauen ist die Basis jeder guten Gesch\u00e4ftsbeziehung. Und Vertrauen kann man nur im pers\u00f6nlichen Kontakt wirksam aufbauen. Internet, eMail, Smartphones und Social Media-Plattformen helfen, die Kommunikation \u00f6ffentlich wie privat zu verbessern und zu beschleunigen.<\/p>\n\n\n\n<p>Wo Sonne ist gibt es auch Schatten. So neigen die neuen Medien beispielsweise zur Oberfl\u00e4chlichkeit und zur Informations\u00fcberlastung. Eine effiziente (Die richtigen Dinge tun) und effektive (Die Dinge richtig tun) Unternehmenskommunikation kann nur in einem pers\u00f6nlichen Gespr\u00e4ch besprochen werden. Deshalb: Kontaktieren Sie uns, und wir werden uns schnellstm\u00f6glich mit Ihnen in Verbindung setzen.<\/p>\n\n\n\n<p><strong>Tel.: 02407 &#8211; 918 294<\/strong><\/p>\n\n\n\n<p><a href=\"mailto:info@rm-communication.de\">info@rm-communication.de<\/a><\/p>\n\n\n\n<p><a href=\"http:\/\/www.rm-communication.de\">www.rm-communication.de<\/a><\/p>\n","protected":false},"excerpt":{"rendered":"<div class=\"mh-excerpt\"><p>So erreichen Sie uns! &#8222;Vertrauen schafft Vertrauen!&#8220; Vertrauen ist die Basis jeder guten Gesch\u00e4ftsbeziehung. Und Vertrauen kann man nur im <a class=\"mh-excerpt-more\" href=\"https:\/\/www.rm-communication.de\/home\/kontakt\/\" title=\"Kontakt\">[Mehr &#8230;]<\/a><\/p>\n<\/div>","protected":false},"author":1,"featured_media":0,"parent":0,"menu_order":0,"comment_status":"closed","ping_status":"closed","template":"","meta":{"footnotes":""},"class_list":["post-1101","page","type-page","status-publish"],"yoast_head":"<!-- This site is optimized with the Yoast SEO plugin v27.3 - https:\/\/yoast.com\/product\/yoast-seo-wordpress\/ -->\n<title>Kontakt - RM-Communication<\/title>\n<meta name=\"robots\" content=\"index, follow, max-snippet:-1, max-image-preview:large, max-video-preview:-1\" \/>\n<link rel=\"canonical\" href=\"https:\/\/www.rm-communication.de\/home\/kontakt\/\" \/>\n<meta property=\"og:locale\" content=\"de_DE\" \/>\n<meta property=\"og:type\" content=\"article\" \/>\n<meta property=\"og:title\" content=\"Kontakt - RM-Communication\" \/>\n<meta property=\"og:description\" content=\"So erreichen Sie uns! &#8222;Vertrauen schafft Vertrauen!&#8220; Vertrauen ist die Basis jeder guten Gesch\u00e4ftsbeziehung. Und Vertrauen kann man nur im [Mehr ...]\" \/>\n<meta property=\"og:url\" content=\"https:\/\/www.rm-communication.de\/home\/kontakt\/\" \/>\n<meta property=\"og:site_name\" content=\"RM-Communication\" \/>\n<meta property=\"article:modified_time\" content=\"2021-10-06T14:53:26+00:00\" \/>\n<meta name=\"twitter:card\" content=\"summary_large_image\" \/>\n<meta name=\"twitter:label1\" content=\"Gesch\u00e4tzte Lesezeit\" \/>\n\t<meta name=\"twitter:data1\" content=\"1\u00a0Minute\" \/>\n<script type=\"application\/ld+json\" class=\"yoast-schema-graph\">{\"@context\":\"https:\\\/\\\/schema.org\",\"@graph\":[{\"@type\":\"WebPage\",\"@id\":\"https:\\\/\\\/www.rm-communication.de\\\/home\\\/kontakt\\\/\",\"url\":\"https:\\\/\\\/www.rm-communication.de\\\/home\\\/kontakt\\\/\",\"name\":\"Kontakt - RM-Communication\",\"isPartOf\":{\"@id\":\"https:\\\/\\\/www.rm-communication.de\\\/home\\\/#website\"},\"datePublished\":\"2021-10-06T14:50:15+00:00\",\"dateModified\":\"2021-10-06T14:53:26+00:00\",\"breadcrumb\":{\"@id\":\"https:\\\/\\\/www.rm-communication.de\\\/home\\\/kontakt\\\/#breadcrumb\"},\"inLanguage\":\"de\",\"potentialAction\":[{\"@type\":\"ReadAction\",\"target\":[\"https:\\\/\\\/www.rm-communication.de\\\/home\\\/kontakt\\\/\"]}]},{\"@type\":\"BreadcrumbList\",\"@id\":\"https:\\\/\\\/www.rm-communication.de\\\/home\\\/kontakt\\\/#breadcrumb\",\"itemListElement\":[{\"@type\":\"ListItem\",\"position\":1,\"name\":\"Home\",\"item\":\"https:\\\/\\\/www.rm-communication.de\\\/home\\\/\"},{\"@type\":\"ListItem\",\"position\":2,\"name\":\"Kontakt\"}]},{\"@type\":\"WebSite\",\"@id\":\"https:\\\/\\\/www.rm-communication.de\\\/home\\\/#website\",\"url\":\"https:\\\/\\\/www.rm-communication.de\\\/home\\\/\",\"name\":\"RM-Communication\",\"description\":\"Agentur f\u00fcr Kommunikation, PR-Service, Content-Management und Pr\u00e4sentationen\",\"potentialAction\":[{\"@type\":\"SearchAction\",\"target\":{\"@type\":\"EntryPoint\",\"urlTemplate\":\"https:\\\/\\\/www.rm-communication.de\\\/home\\\/?s={search_term_string}\"},\"query-input\":{\"@type\":\"PropertyValueSpecification\",\"valueRequired\":true,\"valueName\":\"search_term_string\"}}],\"inLanguage\":\"de\"}]}<\/script>\n<!-- \/ Yoast SEO plugin. -->","yoast_head_json":{"title":"Kontakt - RM-Communication","robots":{"index":"index","follow":"follow","max-snippet":"max-snippet:-1","max-image-preview":"max-image-preview:large","max-video-preview":"max-video-preview:-1"},"canonical":"https:\/\/www.rm-communication.de\/home\/kontakt\/","og_locale":"de_DE","og_type":"article","og_title":"Kontakt - RM-Communication","og_description":"So erreichen Sie uns! &#8222;Vertrauen schafft Vertrauen!&#8220; Vertrauen ist die Basis jeder guten Gesch\u00e4ftsbeziehung. Und Vertrauen kann man nur im [Mehr ...]","og_url":"https:\/\/www.rm-communication.de\/home\/kontakt\/","og_site_name":"RM-Communication","article_modified_time":"2021-10-06T14:53:26+00:00","twitter_card":"summary_large_image","twitter_misc":{"Gesch\u00e4tzte Lesezeit":"1\u00a0Minute"},"schema":{"@context":"https:\/\/schema.org","@graph":[{"@type":"WebPage","@id":"https:\/\/www.rm-communication.de\/home\/kontakt\/","url":"https:\/\/www.rm-communication.de\/home\/kontakt\/","name":"Kontakt - RM-Communication","isPartOf":{"@id":"https:\/\/www.rm-communication.de\/home\/#website"},"datePublished":"2021-10-06T14:50:15+00:00","dateModified":"2021-10-06T14:53:26+00:00","breadcrumb":{"@id":"https:\/\/www.rm-communication.de\/home\/kontakt\/#breadcrumb"},"inLanguage":"de","potentialAction":[{"@type":"ReadAction","target":["https:\/\/www.rm-communication.de\/home\/kontakt\/"]}]},{"@type":"BreadcrumbList","@id":"https:\/\/www.rm-communication.de\/home\/kontakt\/#breadcrumb","itemListElement":[{"@type":"ListItem","position":1,"name":"Home","item":"https:\/\/www.rm-communication.de\/home\/"},{"@type":"ListItem","position":2,"name":"Kontakt"}]},{"@type":"WebSite","@id":"https:\/\/www.rm-communication.de\/home\/#website","url":"https:\/\/www.rm-communication.de\/home\/","name":"RM-Communication","description":"Agentur f\u00fcr Kommunikation, PR-Service, Content-Management und Pr\u00e4sentationen","potentialAction":[{"@type":"SearchAction","target":{"@type":"EntryPoint","urlTemplate":"https:\/\/www.rm-communication.de\/home\/?s={search_term_string}"},"query-input":{"@type":"PropertyValueSpecification","valueRequired":true,"valueName":"search_term_string"}}],"inLanguage":"de"}]}},"_links":{"self":[{"href":"https:\/\/www.rm-communication.de\/home\/wp-json\/wp\/v2\/pages\/1101","targetHints":{"allow":["GET"]}}],"collection":[{"href":"https:\/\/www.rm-communication.de\/home\/wp-json\/wp\/v2\/pages"}],"about":[{"href":"https:\/\/www.rm-communication.de\/home\/wp-json\/wp\/v2\/types\/page"}],"author":[{"embeddable":true,"href":"https:\/\/www.rm-communication.de\/home\/wp-json\/wp\/v2\/users\/1"}],"replies":[{"embeddable":true,"href":"https:\/\/www.rm-communication.de\/home\/wp-json\/wp\/v2\/comments?post=1101"}],"version-history":[{"count":2,"href":"https:\/\/www.rm-communication.de\/home\/wp-json\/wp\/v2\/pages\/1101\/revisions"}],"predecessor-version":[{"id":1104,"href":"https:\/\/www.rm-communication.de\/home\/wp-json\/wp\/v2\/pages\/1101\/revisions\/1104"}],"wp:attachment":[{"href":"https:\/\/www.rm-communication.de\/home\/wp-json\/wp\/v2\/media?parent=1101"}],"curies":[{"name":"wp","href":"https:\/\/api.w.org\/{rel}","templated":true}]}}