{"id":1211,"date":"2022-08-08T13:53:35","date_gmt":"2022-08-08T11:53:35","guid":{"rendered":"https:\/\/www.rm-communication.de\/home\/?page_id=1211"},"modified":"2022-08-08T13:57:53","modified_gmt":"2022-08-08T11:57:53","slug":"sie-benoetigen-redaktionelle-unterstuetzung","status":"publish","type":"page","link":"https:\/\/www.rm-communication.de\/home\/sie-benoetigen-redaktionelle-unterstuetzung\/","title":{"rendered":"Sie ben\u00f6tigen redaktionelle Unterst\u00fctzung?"},"content":{"rendered":"\n<p>Sie haben wichtigere Dinge zu tun, als Texte zu schreiben, die nur die relevanten Informationen enthalten, Grafiken oder Fotos zu bearbeiten oder Pr\u00e4sentationen zu erstellen \u2013 insbesondere vor Messen und Veranstaltungen? Und in den Medien m\u00f6chten Sie wom\u00f6glich auch noch vertreten sein &#8211; print wie online?<\/p>\n\n\n\n<p>Sie wissen um die Bedeutung des Marketinginstrumentes Marktkommunikation, um ihre relevante Anspruchgruppen zielgenau zu erreichen. In ihrem Verantwortungsbereich findet sich aber niemand, der die Arbeit f\u00fcr Sie erledigen kann, weil auch diesen Personen ebenfalls eingespannt sind. Und extra Personen einzustellen, die nur tempor\u00e4r eingesetzt werden, ist f\u00fcr Sie \u00f6konomisch nicht sinnvoll.<\/p>\n\n\n\n<p class=\"has-white-background-color has-text-color has-background\" style=\"color:#080a79;font-size:18px;font-style:normal;font-weight:800\"><strong>Na klar! Dann sind Sie bei uns an der richtigen Adresse. Denn das k\u00f6nnen wir liefern:<\/strong><\/p>\n\n\n\n<ul class=\"wp-block-list\"><li>Text\/Redaktion erstellen, redigieren, formatieren und \u00fcbersetzen (engl. &#8211; dt.)<\/li><li>Pressemitteilungen verfassen<\/li><li>Bildredaktion<ul><li>Pixel- und Vektorgrafiken erstellen und bearbeiten f\u00fcr Print und Online<\/li><li>Bildbearbeitung Print und Online<\/li><\/ul><\/li><li>Flexibilit\u00e4t<\/li><\/ul>\n\n\n\n<p>Wir arbeiten schnell und zuverl\u00e4ssig und scheuen auch nicht das Wochenende. Teilen Sie uns Ihr Anliegen mit und fragen Sie nach Angeboten unter:<\/p>\n\n\n\n<p><strong>redaktion@rm-communication.de<\/strong> und <strong>+49 2407 918294<\/strong><\/p>\n\n\n\n<div style=\"height:50px\" aria-hidden=\"true\" class=\"wp-block-spacer\"><\/div>\n\n\n\n<h2 class=\"wp-block-heading\">Wir schreiben f\u00fcr:<\/h2>\n\n\n\n<figure class=\"wp-block-gallery has-nested-images columns-3 is-cropped wp-block-gallery-1 is-layout-flex wp-block-gallery-is-layout-flex\">\n<figure class=\"wp-block-image size-large\"><a href=\"https:\/\/www.av-views.com\" target=\"_blank\" rel=\"noopener\"><img loading=\"lazy\" decoding=\"async\" width=\"325\" height=\"120\" data-id=\"1130\" src=\"https:\/\/www.rm-communication.de\/wp-content\/uploads\/2021\/10\/AV_views_325_120.jpg\" alt=\"\" class=\"wp-image-1130\" srcset=\"https:\/\/www.rm-communication.de\/wp-content\/uploads\/2021\/10\/AV_views_325_120.jpg 325w, https:\/\/www.rm-communication.de\/wp-content\/uploads\/2021\/10\/AV_views_325_120-300x111.jpg 300w\" sizes=\"auto, (max-width: 325px) 100vw, 325px\" \/><\/a><\/figure>\n\n\n\n<figure class=\"wp-block-image size-large\"><a href=\"https:\/\/www.av-signage.de\" target=\"_blank\" rel=\"noopener\"><img loading=\"lazy\" decoding=\"async\" width=\"325\" height=\"120\" data-id=\"1129\" src=\"https:\/\/www.rm-communication.de\/wp-content\/uploads\/2021\/10\/AV_signage_325_120.jpg\" alt=\"\" class=\"wp-image-1129\" srcset=\"https:\/\/www.rm-communication.de\/wp-content\/uploads\/2021\/10\/AV_signage_325_120.jpg 325w, https:\/\/www.rm-communication.de\/wp-content\/uploads\/2021\/10\/AV_signage_325_120-300x111.jpg 300w\" sizes=\"auto, (max-width: 325px) 100vw, 325px\" \/><\/a><\/figure>\n\n\n\n<figure class=\"wp-block-image size-medium\"><a href=\"https:\/\/www.av-residential.com\" target=\"_blank\" rel=\"noopener\"><img loading=\"lazy\" decoding=\"async\" width=\"300\" height=\"111\" data-id=\"1128\" src=\"https:\/\/www.rm-communication.de\/wp-content\/uploads\/2021\/10\/AV_residential_325_120-300x111.jpg\" alt=\"\" class=\"wp-image-1128\" srcset=\"https:\/\/www.rm-communication.de\/wp-content\/uploads\/2021\/10\/AV_residential_325_120-300x111.jpg 300w, https:\/\/www.rm-communication.de\/wp-content\/uploads\/2021\/10\/AV_residential_325_120.jpg 325w\" sizes=\"auto, (max-width: 300px) 100vw, 300px\" \/><\/a><\/figure>\n<\/figure>\n\n\n\n<div style=\"height:50px\" aria-hidden=\"true\" class=\"wp-block-spacer\"><\/div>\n","protected":false},"excerpt":{"rendered":"<div class=\"mh-excerpt\"><p>Sie haben wichtigere Dinge zu tun, als Texte zu schreiben, die nur die relevanten Informationen enthalten, Grafiken oder Fotos zu <a class=\"mh-excerpt-more\" href=\"https:\/\/www.rm-communication.de\/home\/sie-benoetigen-redaktionelle-unterstuetzung\/\" title=\"Sie ben\u00f6tigen redaktionelle Unterst\u00fctzung?\">[Mehr &#8230;]<\/a><\/p>\n<\/div>","protected":false},"author":4,"featured_media":0,"parent":0,"menu_order":0,"comment_status":"closed","ping_status":"closed","template":"","meta":{"footnotes":""},"class_list":["post-1211","page","type-page","status-publish"],"yoast_head":"<!-- This site is optimized with the Yoast SEO plugin v27.3 - https:\/\/yoast.com\/product\/yoast-seo-wordpress\/ -->\n<title>Sie ben\u00f6tigen redaktionelle Unterst\u00fctzung? - RM-Communication<\/title>\n<meta name=\"description\" content=\"Wir bieten schnelle redaktionelle Unterst\u00fctzung.\" \/>\n<meta name=\"robots\" content=\"noindex, nofollow\" \/>\n<meta property=\"og:locale\" content=\"de_DE\" \/>\n<meta property=\"og:type\" content=\"article\" \/>\n<meta property=\"og:title\" content=\"Sie ben\u00f6tigen redaktionelle Unterst\u00fctzung? - RM-Communication\" \/>\n<meta property=\"og:description\" content=\"Wir bieten schnelle redaktionelle Unterst\u00fctzung.\" \/>\n<meta property=\"og:url\" content=\"https:\/\/www.rm-communication.de\/home\/sie-benoetigen-redaktionelle-unterstuetzung\/\" \/>\n<meta property=\"og:site_name\" content=\"RM-Communication\" \/>\n<meta property=\"article:modified_time\" content=\"2022-08-08T11:57:53+00:00\" \/>\n<meta property=\"og:image\" content=\"https:\/\/www.rm-communication.de\/wp-content\/uploads\/2021\/10\/AV_views_325_120.jpg\" \/>\n<meta name=\"twitter:card\" content=\"summary_large_image\" \/>\n<meta name=\"twitter:label1\" content=\"Gesch\u00e4tzte Lesezeit\" \/>\n\t<meta name=\"twitter:data1\" content=\"2\u00a0Minuten\" \/>\n<script type=\"application\/ld+json\" class=\"yoast-schema-graph\">{\"@context\":\"https:\\\/\\\/schema.org\",\"@graph\":[{\"@type\":\"WebPage\",\"@id\":\"https:\\\/\\\/www.rm-communication.de\\\/home\\\/sie-benoetigen-redaktionelle-unterstuetzung\\\/\",\"url\":\"https:\\\/\\\/www.rm-communication.de\\\/home\\\/sie-benoetigen-redaktionelle-unterstuetzung\\\/\",\"name\":\"Sie ben\u00f6tigen redaktionelle Unterst\u00fctzung? - RM-Communication\",\"isPartOf\":{\"@id\":\"https:\\\/\\\/www.rm-communication.de\\\/home\\\/#website\"},\"primaryImageOfPage\":{\"@id\":\"https:\\\/\\\/www.rm-communication.de\\\/home\\\/sie-benoetigen-redaktionelle-unterstuetzung\\\/#primaryimage\"},\"image\":{\"@id\":\"https:\\\/\\\/www.rm-communication.de\\\/home\\\/sie-benoetigen-redaktionelle-unterstuetzung\\\/#primaryimage\"},\"thumbnailUrl\":\"https:\\\/\\\/www.rm-communication.de\\\/wp-content\\\/uploads\\\/2021\\\/10\\\/AV_views_325_120.jpg\",\"datePublished\":\"2022-08-08T11:53:35+00:00\",\"dateModified\":\"2022-08-08T11:57:53+00:00\",\"description\":\"Wir bieten schnelle redaktionelle Unterst\u00fctzung.\",\"breadcrumb\":{\"@id\":\"https:\\\/\\\/www.rm-communication.de\\\/home\\\/sie-benoetigen-redaktionelle-unterstuetzung\\\/#breadcrumb\"},\"inLanguage\":\"de\",\"potentialAction\":[{\"@type\":\"ReadAction\",\"target\":[\"https:\\\/\\\/www.rm-communication.de\\\/home\\\/sie-benoetigen-redaktionelle-unterstuetzung\\\/\"]}]},{\"@type\":\"ImageObject\",\"inLanguage\":\"de\",\"@id\":\"https:\\\/\\\/www.rm-communication.de\\\/home\\\/sie-benoetigen-redaktionelle-unterstuetzung\\\/#primaryimage\",\"url\":\"https:\\\/\\\/www.rm-communication.de\\\/wp-content\\\/uploads\\\/2021\\\/10\\\/AV_views_325_120.jpg\",\"contentUrl\":\"https:\\\/\\\/www.rm-communication.de\\\/wp-content\\\/uploads\\\/2021\\\/10\\\/AV_views_325_120.jpg\"},{\"@type\":\"BreadcrumbList\",\"@id\":\"https:\\\/\\\/www.rm-communication.de\\\/home\\\/sie-benoetigen-redaktionelle-unterstuetzung\\\/#breadcrumb\",\"itemListElement\":[{\"@type\":\"ListItem\",\"position\":1,\"name\":\"Home\",\"item\":\"https:\\\/\\\/www.rm-communication.de\\\/home\\\/\"},{\"@type\":\"ListItem\",\"position\":2,\"name\":\"Sie ben\u00f6tigen redaktionelle Unterst\u00fctzung?\"}]},{\"@type\":\"WebSite\",\"@id\":\"https:\\\/\\\/www.rm-communication.de\\\/home\\\/#website\",\"url\":\"https:\\\/\\\/www.rm-communication.de\\\/home\\\/\",\"name\":\"RM-Communication\",\"description\":\"Agentur f\u00fcr Kommunikation, PR-Service, Content-Management und Pr\u00e4sentationen\",\"potentialAction\":[{\"@type\":\"SearchAction\",\"target\":{\"@type\":\"EntryPoint\",\"urlTemplate\":\"https:\\\/\\\/www.rm-communication.de\\\/home\\\/?s={search_term_string}\"},\"query-input\":{\"@type\":\"PropertyValueSpecification\",\"valueRequired\":true,\"valueName\":\"search_term_string\"}}],\"inLanguage\":\"de\"}]}<\/script>\n<!-- \/ Yoast SEO plugin. -->","yoast_head_json":{"title":"Sie ben\u00f6tigen redaktionelle Unterst\u00fctzung? - RM-Communication","description":"Wir bieten schnelle redaktionelle Unterst\u00fctzung.","robots":{"index":"noindex","follow":"nofollow"},"og_locale":"de_DE","og_type":"article","og_title":"Sie ben\u00f6tigen redaktionelle Unterst\u00fctzung? - RM-Communication","og_description":"Wir bieten schnelle redaktionelle Unterst\u00fctzung.","og_url":"https:\/\/www.rm-communication.de\/home\/sie-benoetigen-redaktionelle-unterstuetzung\/","og_site_name":"RM-Communication","article_modified_time":"2022-08-08T11:57:53+00:00","og_image":[{"url":"https:\/\/www.rm-communication.de\/wp-content\/uploads\/2021\/10\/AV_views_325_120.jpg","type":"","width":"","height":""}],"twitter_card":"summary_large_image","twitter_misc":{"Gesch\u00e4tzte Lesezeit":"2\u00a0Minuten"},"schema":{"@context":"https:\/\/schema.org","@graph":[{"@type":"WebPage","@id":"https:\/\/www.rm-communication.de\/home\/sie-benoetigen-redaktionelle-unterstuetzung\/","url":"https:\/\/www.rm-communication.de\/home\/sie-benoetigen-redaktionelle-unterstuetzung\/","name":"Sie ben\u00f6tigen redaktionelle Unterst\u00fctzung? - RM-Communication","isPartOf":{"@id":"https:\/\/www.rm-communication.de\/home\/#website"},"primaryImageOfPage":{"@id":"https:\/\/www.rm-communication.de\/home\/sie-benoetigen-redaktionelle-unterstuetzung\/#primaryimage"},"image":{"@id":"https:\/\/www.rm-communication.de\/home\/sie-benoetigen-redaktionelle-unterstuetzung\/#primaryimage"},"thumbnailUrl":"https:\/\/www.rm-communication.de\/wp-content\/uploads\/2021\/10\/AV_views_325_120.jpg","datePublished":"2022-08-08T11:53:35+00:00","dateModified":"2022-08-08T11:57:53+00:00","description":"Wir bieten schnelle redaktionelle Unterst\u00fctzung.","breadcrumb":{"@id":"https:\/\/www.rm-communication.de\/home\/sie-benoetigen-redaktionelle-unterstuetzung\/#breadcrumb"},"inLanguage":"de","potentialAction":[{"@type":"ReadAction","target":["https:\/\/www.rm-communication.de\/home\/sie-benoetigen-redaktionelle-unterstuetzung\/"]}]},{"@type":"ImageObject","inLanguage":"de","@id":"https:\/\/www.rm-communication.de\/home\/sie-benoetigen-redaktionelle-unterstuetzung\/#primaryimage","url":"https:\/\/www.rm-communication.de\/wp-content\/uploads\/2021\/10\/AV_views_325_120.jpg","contentUrl":"https:\/\/www.rm-communication.de\/wp-content\/uploads\/2021\/10\/AV_views_325_120.jpg"},{"@type":"BreadcrumbList","@id":"https:\/\/www.rm-communication.de\/home\/sie-benoetigen-redaktionelle-unterstuetzung\/#breadcrumb","itemListElement":[{"@type":"ListItem","position":1,"name":"Home","item":"https:\/\/www.rm-communication.de\/home\/"},{"@type":"ListItem","position":2,"name":"Sie ben\u00f6tigen redaktionelle Unterst\u00fctzung?"}]},{"@type":"WebSite","@id":"https:\/\/www.rm-communication.de\/home\/#website","url":"https:\/\/www.rm-communication.de\/home\/","name":"RM-Communication","description":"Agentur f\u00fcr Kommunikation, PR-Service, Content-Management und Pr\u00e4sentationen","potentialAction":[{"@type":"SearchAction","target":{"@type":"EntryPoint","urlTemplate":"https:\/\/www.rm-communication.de\/home\/?s={search_term_string}"},"query-input":{"@type":"PropertyValueSpecification","valueRequired":true,"valueName":"search_term_string"}}],"inLanguage":"de"}]}},"_links":{"self":[{"href":"https:\/\/www.rm-communication.de\/home\/wp-json\/wp\/v2\/pages\/1211","targetHints":{"allow":["GET"]}}],"collection":[{"href":"https:\/\/www.rm-communication.de\/home\/wp-json\/wp\/v2\/pages"}],"about":[{"href":"https:\/\/www.rm-communication.de\/home\/wp-json\/wp\/v2\/types\/page"}],"author":[{"embeddable":true,"href":"https:\/\/www.rm-communication.de\/home\/wp-json\/wp\/v2\/users\/4"}],"replies":[{"embeddable":true,"href":"https:\/\/www.rm-communication.de\/home\/wp-json\/wp\/v2\/comments?post=1211"}],"version-history":[{"count":9,"href":"https:\/\/www.rm-communication.de\/home\/wp-json\/wp\/v2\/pages\/1211\/revisions"}],"predecessor-version":[{"id":1224,"href":"https:\/\/www.rm-communication.de\/home\/wp-json\/wp\/v2\/pages\/1211\/revisions\/1224"}],"wp:attachment":[{"href":"https:\/\/www.rm-communication.de\/home\/wp-json\/wp\/v2\/media?parent=1211"}],"curies":[{"name":"wp","href":"https:\/\/api.w.org\/{rel}","templated":true}]}}