{"id":15,"date":"2013-07-16T19:36:41","date_gmt":"2013-07-16T17:36:41","guid":{"rendered":"http:\/\/www.rm-communication.de\/?page_id=15"},"modified":"2014-04-05T12:12:29","modified_gmt":"2014-04-05T10:12:29","slug":"ueber-rmc","status":"publish","type":"page","link":"https:\/\/www.rm-communication.de\/home\/ueber-rmc\/","title":{"rendered":"\u00dcber uns"},"content":{"rendered":"<p>RMC ist entstanden aus den Marktbeobachtungen meiner T\u00e4tigkeit als langj\u00e4hriger Redakteur von Artikeln in Fachzeitschriften und den damit verbundenen Besuchen von Pr\u00e4sentationen, Pressekonferenzen oder Firmenveranstaltungen.<\/p>\n<p>Immer wieder ist aufgefallen, dass kleine und mittelst\u00e4ndige Unternehmen ihre Potentiale in der Kommunikation zumindest nach au\u00dfen nicht voll aussch\u00f6pfen. Das hei\u00dft in der Werbung, der \u00d6ffentlichkeitsarbeit, der Pressearbeit, dem Corporate Design oder der Pr\u00e4sentation von Unternehmen und Leistungen des Unternehmens an sich.<\/p>\n<p>Mittlerweile ist der Firmenauftritt im Internet Standard. Dennoch ist zu beobachten, dass sich viele Websites nicht an den minimalen Gestaltungsrichtlinien orientieren und so die Usability herabsetzen. Die kontinuierliche Pflege des Inhalts wird oft ebenso vernachl\u00e4ssigt. Im Schluss hei\u00dft das, dass die Website im Ranking an Boden verliert.<\/p>\n<p>RMC m\u00f6chte Ihnen nun helfen, Ihre Kommunikation nach au\u00dfen zu verbessern. <strong>Kommunikation baut Br\u00fccken!<\/strong> Kontinuierlich begleitend oder sporadisch mit dem Ziel, dass Sie Ihre Kommunikationsziele im Unternehmen in eigener Leistung betreiben k\u00f6nnen.<\/p>\n<p>RMC kooperiert mit der MediaScript Verlag und Service GmbH, ein Verlag der die Fachzeitschriften AV-views und AV-Signage publiziert. Mit dieser Kooperation ist RMC imstande, komplette Webauftritte zu realisieren. Mithilfe unserer angeschlossenen Druckerei sind wir auch imstande, gr\u00f6\u00dfere Druckauftr\u00e4ge abzuwickeln.<\/p>\n<p>Mit RMC k\u00f6nnen Sie mit wenig Aufwand viel Marktkommunikation erreichen.<\/p>\n<div id=\"ueber_rmc\">\n<h3>Wir liefern Inhalte &#8230;<\/h3>\n<\/div>\n","protected":false},"excerpt":{"rendered":"<div class=\"mh-excerpt\"><p>RMC ist entstanden aus den Marktbeobachtungen meiner T\u00e4tigkeit als langj\u00e4hriger Redakteur von Artikeln in Fachzeitschriften und den damit verbundenen Besuchen <a class=\"mh-excerpt-more\" href=\"https:\/\/www.rm-communication.de\/home\/ueber-rmc\/\" title=\"\u00dcber uns\">[Mehr &#8230;]<\/a><\/p>\n<\/div>","protected":false},"author":1,"featured_media":0,"parent":0,"menu_order":0,"comment_status":"closed","ping_status":"open","template":"full-width-page.php","meta":{"footnotes":""},"class_list":["post-15","page","type-page","status-publish"],"yoast_head":"<!-- This site is optimized with the Yoast SEO plugin v27.3 - https:\/\/yoast.com\/product\/yoast-seo-wordpress\/ -->\n<title>\u00dcber uns - RM-Communication<\/title>\n<meta name=\"robots\" content=\"index, follow, max-snippet:-1, max-image-preview:large, max-video-preview:-1\" \/>\n<link rel=\"canonical\" href=\"https:\/\/www.rm-communication.de\/home\/ueber-rmc\/\" \/>\n<meta property=\"og:locale\" content=\"de_DE\" \/>\n<meta property=\"og:type\" content=\"article\" \/>\n<meta property=\"og:title\" content=\"\u00dcber uns - RM-Communication\" \/>\n<meta property=\"og:description\" content=\"RMC ist entstanden aus den Marktbeobachtungen meiner T\u00e4tigkeit als langj\u00e4hriger Redakteur von Artikeln in Fachzeitschriften und den damit verbundenen Besuchen [Mehr ...]\" \/>\n<meta property=\"og:url\" content=\"https:\/\/www.rm-communication.de\/home\/ueber-rmc\/\" \/>\n<meta property=\"og:site_name\" content=\"RM-Communication\" \/>\n<meta property=\"article:modified_time\" content=\"2014-04-05T10:12:29+00:00\" \/>\n<meta name=\"twitter:card\" content=\"summary_large_image\" \/>\n<meta name=\"twitter:label1\" content=\"Gesch\u00e4tzte Lesezeit\" \/>\n\t<meta name=\"twitter:data1\" content=\"1\u00a0Minute\" \/>\n<script type=\"application\/ld+json\" class=\"yoast-schema-graph\">{\"@context\":\"https:\\\/\\\/schema.org\",\"@graph\":[{\"@type\":\"WebPage\",\"@id\":\"https:\\\/\\\/www.rm-communication.de\\\/home\\\/ueber-rmc\\\/\",\"url\":\"https:\\\/\\\/www.rm-communication.de\\\/home\\\/ueber-rmc\\\/\",\"name\":\"\u00dcber uns - RM-Communication\",\"isPartOf\":{\"@id\":\"https:\\\/\\\/www.rm-communication.de\\\/home\\\/#website\"},\"datePublished\":\"2013-07-16T17:36:41+00:00\",\"dateModified\":\"2014-04-05T10:12:29+00:00\",\"breadcrumb\":{\"@id\":\"https:\\\/\\\/www.rm-communication.de\\\/home\\\/ueber-rmc\\\/#breadcrumb\"},\"inLanguage\":\"de\",\"potentialAction\":[{\"@type\":\"ReadAction\",\"target\":[\"https:\\\/\\\/www.rm-communication.de\\\/home\\\/ueber-rmc\\\/\"]}]},{\"@type\":\"BreadcrumbList\",\"@id\":\"https:\\\/\\\/www.rm-communication.de\\\/home\\\/ueber-rmc\\\/#breadcrumb\",\"itemListElement\":[{\"@type\":\"ListItem\",\"position\":1,\"name\":\"Home\",\"item\":\"https:\\\/\\\/www.rm-communication.de\\\/home\\\/\"},{\"@type\":\"ListItem\",\"position\":2,\"name\":\"\u00dcber uns\"}]},{\"@type\":\"WebSite\",\"@id\":\"https:\\\/\\\/www.rm-communication.de\\\/home\\\/#website\",\"url\":\"https:\\\/\\\/www.rm-communication.de\\\/home\\\/\",\"name\":\"RM-Communication\",\"description\":\"Agentur f\u00fcr Kommunikation, PR-Service, Content-Management und Pr\u00e4sentationen\",\"potentialAction\":[{\"@type\":\"SearchAction\",\"target\":{\"@type\":\"EntryPoint\",\"urlTemplate\":\"https:\\\/\\\/www.rm-communication.de\\\/home\\\/?s={search_term_string}\"},\"query-input\":{\"@type\":\"PropertyValueSpecification\",\"valueRequired\":true,\"valueName\":\"search_term_string\"}}],\"inLanguage\":\"de\"}]}<\/script>\n<!-- \/ Yoast SEO plugin. -->","yoast_head_json":{"title":"\u00dcber uns - RM-Communication","robots":{"index":"index","follow":"follow","max-snippet":"max-snippet:-1","max-image-preview":"max-image-preview:large","max-video-preview":"max-video-preview:-1"},"canonical":"https:\/\/www.rm-communication.de\/home\/ueber-rmc\/","og_locale":"de_DE","og_type":"article","og_title":"\u00dcber uns - RM-Communication","og_description":"RMC ist entstanden aus den Marktbeobachtungen meiner T\u00e4tigkeit als langj\u00e4hriger Redakteur von Artikeln in Fachzeitschriften und den damit verbundenen Besuchen [Mehr ...]","og_url":"https:\/\/www.rm-communication.de\/home\/ueber-rmc\/","og_site_name":"RM-Communication","article_modified_time":"2014-04-05T10:12:29+00:00","twitter_card":"summary_large_image","twitter_misc":{"Gesch\u00e4tzte Lesezeit":"1\u00a0Minute"},"schema":{"@context":"https:\/\/schema.org","@graph":[{"@type":"WebPage","@id":"https:\/\/www.rm-communication.de\/home\/ueber-rmc\/","url":"https:\/\/www.rm-communication.de\/home\/ueber-rmc\/","name":"\u00dcber uns - RM-Communication","isPartOf":{"@id":"https:\/\/www.rm-communication.de\/home\/#website"},"datePublished":"2013-07-16T17:36:41+00:00","dateModified":"2014-04-05T10:12:29+00:00","breadcrumb":{"@id":"https:\/\/www.rm-communication.de\/home\/ueber-rmc\/#breadcrumb"},"inLanguage":"de","potentialAction":[{"@type":"ReadAction","target":["https:\/\/www.rm-communication.de\/home\/ueber-rmc\/"]}]},{"@type":"BreadcrumbList","@id":"https:\/\/www.rm-communication.de\/home\/ueber-rmc\/#breadcrumb","itemListElement":[{"@type":"ListItem","position":1,"name":"Home","item":"https:\/\/www.rm-communication.de\/home\/"},{"@type":"ListItem","position":2,"name":"\u00dcber uns"}]},{"@type":"WebSite","@id":"https:\/\/www.rm-communication.de\/home\/#website","url":"https:\/\/www.rm-communication.de\/home\/","name":"RM-Communication","description":"Agentur f\u00fcr Kommunikation, PR-Service, Content-Management und Pr\u00e4sentationen","potentialAction":[{"@type":"SearchAction","target":{"@type":"EntryPoint","urlTemplate":"https:\/\/www.rm-communication.de\/home\/?s={search_term_string}"},"query-input":{"@type":"PropertyValueSpecification","valueRequired":true,"valueName":"search_term_string"}}],"inLanguage":"de"}]}},"_links":{"self":[{"href":"https:\/\/www.rm-communication.de\/home\/wp-json\/wp\/v2\/pages\/15","targetHints":{"allow":["GET"]}}],"collection":[{"href":"https:\/\/www.rm-communication.de\/home\/wp-json\/wp\/v2\/pages"}],"about":[{"href":"https:\/\/www.rm-communication.de\/home\/wp-json\/wp\/v2\/types\/page"}],"author":[{"embeddable":true,"href":"https:\/\/www.rm-communication.de\/home\/wp-json\/wp\/v2\/users\/1"}],"replies":[{"embeddable":true,"href":"https:\/\/www.rm-communication.de\/home\/wp-json\/wp\/v2\/comments?post=15"}],"version-history":[{"count":17,"href":"https:\/\/www.rm-communication.de\/home\/wp-json\/wp\/v2\/pages\/15\/revisions"}],"predecessor-version":[{"id":495,"href":"https:\/\/www.rm-communication.de\/home\/wp-json\/wp\/v2\/pages\/15\/revisions\/495"}],"wp:attachment":[{"href":"https:\/\/www.rm-communication.de\/home\/wp-json\/wp\/v2\/media?parent=15"}],"curies":[{"name":"wp","href":"https:\/\/api.w.org\/{rel}","templated":true}]}}