{"id":156,"date":"2013-08-21T09:39:07","date_gmt":"2013-08-21T07:39:07","guid":{"rendered":"http:\/\/www.rm-communication.de\/?page_id=156"},"modified":"2022-08-22T15:14:23","modified_gmt":"2022-08-22T13:14:23","slug":"rmc-agentur-fuer-kommunikation","status":"publish","type":"page","link":"https:\/\/www.rm-communication.de\/home\/rmc-agentur-fuer-kommunikation\/","title":{"rendered":"Liebe Besucherinnen und Besucher dieser Website"},"content":{"rendered":"\n<p>\u00dcberall wo Menschen sich treffen, kommunizieren sie, tauschen Botschaften und Informationen auf vielf\u00e4ltige Art und Weise aus. Das ist im Gesch\u00e4ftsleben in der Beziehung zwischen Unternehmen und Kunden nicht anders. Moderne Medien erlauben neue Mitteilungskan\u00e4le und die M\u00f6glichkeit, st\u00e4ndig und \u00fcberall neue Informationen und Botschaften zu senden und zu empfangen. Dabei kann so manche Botschaft im Kommunikationsrauschen untergehen.<\/p>\n\n\n\n<p>Um ihre Zielgruppen zu erreichen, konzentrieren sich Unternehmen mittlerweile nicht nur auf das <strong>WAS<\/strong> kommuniziert wird, sondern auch um das <strong>WIE<\/strong> kommuniziert wird. Das <strong>WAS<\/strong> sollte ausgereift sein in Zeiten st\u00e4ndiger Beobachtung und Kontrolle durch Medien und soziale Netzwerke. Der Meinungsaustausch erlaubt es den Zielgruppen, sich in k\u00fcrzester Zeit Urteile \u00fcber die Produkte und Leistungen der Unternehmen zu f\u00e4llen. Die Kommunikationsbotschaften der Unternehmen m\u00fcssen klar, transparent und pr\u00e4zise formuliert sein und den tats\u00e4chlichen Verh\u00e4ltnissen des kommunizierten Gegenstands entsprechen.<\/p>\n\n\n\n<p>Das <strong>WIE<\/strong> ist die Entscheidung \u00fcber die Kommunikationskan\u00e4le. Und die sind vielf\u00e4ltig. Neben den klassischen Instrumenten wie Werbung, Messeauftritte, Public Relations, usw. haben soziale Medien, Internetauftritte, Blogs, soziale Medien l\u00e4ngst eine f\u00fchrende Rolle \u00fcbernommen. F\u00fcr Texte beispielsweise, die f\u00fcr Printmedien verfasst worden sind, gelten ganz andere Bedingungen wie f\u00fcr die Online-Versionen. Hier m\u00fcssen beispielsweise SEO-Ma\u00dfnahmen mitber\u00fccksichtigt werden, um in den Suchmaschinen-Rankings nach oben zu kommen.<\/p>\n\n\n\n<h2 class=\"wp-block-heading\">Es geht um das WAS und das WIE!<\/h2>\n\n\n\n<p>Darum, wie die Botschaften und Informationen vom Unternehmen zum Kunden gelangen, damit diese auch von ihm verstanden werden. Dann ist die Kommunikation gelungen! Dann schafft Kommunikation Vertrauen!<\/p>\n\n\n\n<ul class=\"wp-block-list\"><li><strong>RMC<\/strong> hat den Anspruch, kleinen und mittelst\u00e4ndischen Unternehmen (KMUs) bei Ihrer Kommunikationsarbeit zu helfen!<\/li><li><strong>RMC<\/strong> will helfen, das Richtige richtig zu kommunizieren!<\/li><li><strong>RMC<\/strong> will helfen, Br\u00fccken zwischen den Marktteilnehmern zu bauen!<\/li><\/ul>\n\n\n\n<h2 class=\"has-text-align-center has-vivid-cyan-blue-color has-text-color wp-block-heading\"><a href=\"https:\/\/www.rm-communication.de\/home\/sie-benoetigen-redaktionelle-unterstuetzung\/\" target=\"_blank\" rel=\"noreferrer noopener\">Sie ben\u00f6tigen redaktionelle Unterst\u00fczung?<\/a><\/h2>\n\n\n\n<p><\/p>\n","protected":false},"excerpt":{"rendered":"<div class=\"mh-excerpt\"><p>\u00dcberall wo Menschen sich treffen, kommunizieren sie, tauschen Botschaften und Informationen auf vielf\u00e4ltige Art und Weise aus. Das ist im <a class=\"mh-excerpt-more\" href=\"https:\/\/www.rm-communication.de\/home\/rmc-agentur-fuer-kommunikation\/\" title=\"Liebe Besucherinnen und Besucher dieser Website\">[Mehr &#8230;]<\/a><\/p>\n<\/div>","protected":false},"author":4,"featured_media":1148,"parent":0,"menu_order":0,"comment_status":"closed","ping_status":"closed","template":"","meta":{"footnotes":""},"class_list":["post-156","page","type-page","status-publish","has-post-thumbnail"],"yoast_head":"<!-- This site is optimized with the Yoast SEO plugin v27.3 - https:\/\/yoast.com\/product\/yoast-seo-wordpress\/ -->\n<title>Liebe Besucherinnen und Besucher dieser Website - RM-Communication<\/title>\n<meta name=\"description\" content=\"RMC hilft KMUs in ihrer Kommunikationsarbeit und versucht Br\u00fccken zwischen Ihrem Unternehmern und den relevanten Marktteilnehmern zu bauen.\" \/>\n<meta name=\"robots\" content=\"index, follow, max-snippet:-1, max-image-preview:large, max-video-preview:-1\" \/>\n<link rel=\"canonical\" href=\"https:\/\/www.rm-communication.de\/home\/rmc-agentur-fuer-kommunikation\/\" \/>\n<meta property=\"og:locale\" content=\"de_DE\" \/>\n<meta property=\"og:type\" content=\"article\" \/>\n<meta property=\"og:title\" content=\"Liebe Besucherinnen und Besucher dieser Website - RM-Communication\" \/>\n<meta property=\"og:description\" content=\"RMC hilft KMUs in ihrer Kommunikationsarbeit und versucht Br\u00fccken zwischen Ihrem Unternehmern und den relevanten Marktteilnehmern zu bauen.\" \/>\n<meta property=\"og:url\" content=\"https:\/\/www.rm-communication.de\/home\/rmc-agentur-fuer-kommunikation\/\" \/>\n<meta property=\"og:site_name\" content=\"RM-Communication\" \/>\n<meta property=\"article:modified_time\" content=\"2022-08-22T13:14:23+00:00\" \/>\n<meta property=\"og:image\" content=\"https:\/\/www.rm-communication.de\/wp-content\/uploads\/2021\/10\/Philips_ISE2020_1030.jpg\" \/>\n\t<meta property=\"og:image:width\" content=\"1030\" \/>\n\t<meta property=\"og:image:height\" content=\"579\" \/>\n\t<meta property=\"og:image:type\" content=\"image\/jpeg\" \/>\n<meta name=\"twitter:card\" content=\"summary_large_image\" \/>\n<meta name=\"twitter:label1\" content=\"Gesch\u00e4tzte Lesezeit\" \/>\n\t<meta name=\"twitter:data1\" content=\"2\u00a0Minuten\" \/>\n<script type=\"application\/ld+json\" class=\"yoast-schema-graph\">{\"@context\":\"https:\\\/\\\/schema.org\",\"@graph\":[{\"@type\":\"WebPage\",\"@id\":\"https:\\\/\\\/www.rm-communication.de\\\/home\\\/rmc-agentur-fuer-kommunikation\\\/\",\"url\":\"https:\\\/\\\/www.rm-communication.de\\\/home\\\/rmc-agentur-fuer-kommunikation\\\/\",\"name\":\"Liebe Besucherinnen und Besucher dieser Website - RM-Communication\",\"isPartOf\":{\"@id\":\"https:\\\/\\\/www.rm-communication.de\\\/home\\\/#website\"},\"primaryImageOfPage\":{\"@id\":\"https:\\\/\\\/www.rm-communication.de\\\/home\\\/rmc-agentur-fuer-kommunikation\\\/#primaryimage\"},\"image\":{\"@id\":\"https:\\\/\\\/www.rm-communication.de\\\/home\\\/rmc-agentur-fuer-kommunikation\\\/#primaryimage\"},\"thumbnailUrl\":\"https:\\\/\\\/www.rm-communication.de\\\/wp-content\\\/uploads\\\/2021\\\/10\\\/Philips_ISE2020_1030.jpg\",\"datePublished\":\"2013-08-21T07:39:07+00:00\",\"dateModified\":\"2022-08-22T13:14:23+00:00\",\"description\":\"RMC hilft KMUs in ihrer Kommunikationsarbeit und versucht Br\u00fccken zwischen Ihrem Unternehmern und den relevanten Marktteilnehmern zu bauen.\",\"breadcrumb\":{\"@id\":\"https:\\\/\\\/www.rm-communication.de\\\/home\\\/rmc-agentur-fuer-kommunikation\\\/#breadcrumb\"},\"inLanguage\":\"de\",\"potentialAction\":[{\"@type\":\"ReadAction\",\"target\":[\"https:\\\/\\\/www.rm-communication.de\\\/home\\\/rmc-agentur-fuer-kommunikation\\\/\"]}]},{\"@type\":\"ImageObject\",\"inLanguage\":\"de\",\"@id\":\"https:\\\/\\\/www.rm-communication.de\\\/home\\\/rmc-agentur-fuer-kommunikation\\\/#primaryimage\",\"url\":\"https:\\\/\\\/www.rm-communication.de\\\/wp-content\\\/uploads\\\/2021\\\/10\\\/Philips_ISE2020_1030.jpg\",\"contentUrl\":\"https:\\\/\\\/www.rm-communication.de\\\/wp-content\\\/uploads\\\/2021\\\/10\\\/Philips_ISE2020_1030.jpg\",\"width\":1030,\"height\":579,\"caption\":\"(Bild: RMC)\"},{\"@type\":\"BreadcrumbList\",\"@id\":\"https:\\\/\\\/www.rm-communication.de\\\/home\\\/rmc-agentur-fuer-kommunikation\\\/#breadcrumb\",\"itemListElement\":[{\"@type\":\"ListItem\",\"position\":1,\"name\":\"Home\",\"item\":\"https:\\\/\\\/www.rm-communication.de\\\/home\\\/\"},{\"@type\":\"ListItem\",\"position\":2,\"name\":\"Liebe Besucherinnen und Besucher dieser Website\"}]},{\"@type\":\"WebSite\",\"@id\":\"https:\\\/\\\/www.rm-communication.de\\\/home\\\/#website\",\"url\":\"https:\\\/\\\/www.rm-communication.de\\\/home\\\/\",\"name\":\"RM-Communication\",\"description\":\"Agentur f\u00fcr Kommunikation, PR-Service, Content-Management und Pr\u00e4sentationen\",\"potentialAction\":[{\"@type\":\"SearchAction\",\"target\":{\"@type\":\"EntryPoint\",\"urlTemplate\":\"https:\\\/\\\/www.rm-communication.de\\\/home\\\/?s={search_term_string}\"},\"query-input\":{\"@type\":\"PropertyValueSpecification\",\"valueRequired\":true,\"valueName\":\"search_term_string\"}}],\"inLanguage\":\"de\"}]}<\/script>\n<!-- \/ Yoast SEO plugin. -->","yoast_head_json":{"title":"Liebe Besucherinnen und Besucher dieser Website - RM-Communication","description":"RMC hilft KMUs in ihrer Kommunikationsarbeit und versucht Br\u00fccken zwischen Ihrem Unternehmern und den relevanten Marktteilnehmern zu bauen.","robots":{"index":"index","follow":"follow","max-snippet":"max-snippet:-1","max-image-preview":"max-image-preview:large","max-video-preview":"max-video-preview:-1"},"canonical":"https:\/\/www.rm-communication.de\/home\/rmc-agentur-fuer-kommunikation\/","og_locale":"de_DE","og_type":"article","og_title":"Liebe Besucherinnen und Besucher dieser Website - RM-Communication","og_description":"RMC hilft KMUs in ihrer Kommunikationsarbeit und versucht Br\u00fccken zwischen Ihrem Unternehmern und den relevanten Marktteilnehmern zu bauen.","og_url":"https:\/\/www.rm-communication.de\/home\/rmc-agentur-fuer-kommunikation\/","og_site_name":"RM-Communication","article_modified_time":"2022-08-22T13:14:23+00:00","og_image":[{"width":1030,"height":579,"url":"https:\/\/www.rm-communication.de\/wp-content\/uploads\/2021\/10\/Philips_ISE2020_1030.jpg","type":"image\/jpeg"}],"twitter_card":"summary_large_image","twitter_misc":{"Gesch\u00e4tzte Lesezeit":"2\u00a0Minuten"},"schema":{"@context":"https:\/\/schema.org","@graph":[{"@type":"WebPage","@id":"https:\/\/www.rm-communication.de\/home\/rmc-agentur-fuer-kommunikation\/","url":"https:\/\/www.rm-communication.de\/home\/rmc-agentur-fuer-kommunikation\/","name":"Liebe Besucherinnen und Besucher dieser Website - RM-Communication","isPartOf":{"@id":"https:\/\/www.rm-communication.de\/home\/#website"},"primaryImageOfPage":{"@id":"https:\/\/www.rm-communication.de\/home\/rmc-agentur-fuer-kommunikation\/#primaryimage"},"image":{"@id":"https:\/\/www.rm-communication.de\/home\/rmc-agentur-fuer-kommunikation\/#primaryimage"},"thumbnailUrl":"https:\/\/www.rm-communication.de\/wp-content\/uploads\/2021\/10\/Philips_ISE2020_1030.jpg","datePublished":"2013-08-21T07:39:07+00:00","dateModified":"2022-08-22T13:14:23+00:00","description":"RMC hilft KMUs in ihrer Kommunikationsarbeit und versucht Br\u00fccken zwischen Ihrem Unternehmern und den relevanten Marktteilnehmern zu bauen.","breadcrumb":{"@id":"https:\/\/www.rm-communication.de\/home\/rmc-agentur-fuer-kommunikation\/#breadcrumb"},"inLanguage":"de","potentialAction":[{"@type":"ReadAction","target":["https:\/\/www.rm-communication.de\/home\/rmc-agentur-fuer-kommunikation\/"]}]},{"@type":"ImageObject","inLanguage":"de","@id":"https:\/\/www.rm-communication.de\/home\/rmc-agentur-fuer-kommunikation\/#primaryimage","url":"https:\/\/www.rm-communication.de\/wp-content\/uploads\/2021\/10\/Philips_ISE2020_1030.jpg","contentUrl":"https:\/\/www.rm-communication.de\/wp-content\/uploads\/2021\/10\/Philips_ISE2020_1030.jpg","width":1030,"height":579,"caption":"(Bild: RMC)"},{"@type":"BreadcrumbList","@id":"https:\/\/www.rm-communication.de\/home\/rmc-agentur-fuer-kommunikation\/#breadcrumb","itemListElement":[{"@type":"ListItem","position":1,"name":"Home","item":"https:\/\/www.rm-communication.de\/home\/"},{"@type":"ListItem","position":2,"name":"Liebe Besucherinnen und Besucher dieser Website"}]},{"@type":"WebSite","@id":"https:\/\/www.rm-communication.de\/home\/#website","url":"https:\/\/www.rm-communication.de\/home\/","name":"RM-Communication","description":"Agentur f\u00fcr Kommunikation, PR-Service, Content-Management und Pr\u00e4sentationen","potentialAction":[{"@type":"SearchAction","target":{"@type":"EntryPoint","urlTemplate":"https:\/\/www.rm-communication.de\/home\/?s={search_term_string}"},"query-input":{"@type":"PropertyValueSpecification","valueRequired":true,"valueName":"search_term_string"}}],"inLanguage":"de"}]}},"_links":{"self":[{"href":"https:\/\/www.rm-communication.de\/home\/wp-json\/wp\/v2\/pages\/156","targetHints":{"allow":["GET"]}}],"collection":[{"href":"https:\/\/www.rm-communication.de\/home\/wp-json\/wp\/v2\/pages"}],"about":[{"href":"https:\/\/www.rm-communication.de\/home\/wp-json\/wp\/v2\/types\/page"}],"author":[{"embeddable":true,"href":"https:\/\/www.rm-communication.de\/home\/wp-json\/wp\/v2\/users\/4"}],"replies":[{"embeddable":true,"href":"https:\/\/www.rm-communication.de\/home\/wp-json\/wp\/v2\/comments?post=156"}],"version-history":[{"count":123,"href":"https:\/\/www.rm-communication.de\/home\/wp-json\/wp\/v2\/pages\/156\/revisions"}],"predecessor-version":[{"id":1261,"href":"https:\/\/www.rm-communication.de\/home\/wp-json\/wp\/v2\/pages\/156\/revisions\/1261"}],"wp:featuredmedia":[{"embeddable":true,"href":"https:\/\/www.rm-communication.de\/home\/wp-json\/wp\/v2\/media\/1148"}],"wp:attachment":[{"href":"https:\/\/www.rm-communication.de\/home\/wp-json\/wp\/v2\/media?parent=156"}],"curies":[{"name":"wp","href":"https:\/\/api.w.org\/{rel}","templated":true}]}}