{"id":191,"date":"2013-08-21T13:06:04","date_gmt":"2013-08-21T11:06:04","guid":{"rendered":"http:\/\/www.rm-communication.de\/home\/?page_id=191"},"modified":"2022-08-08T09:50:25","modified_gmt":"2022-08-08T07:50:25","slug":"redaktion","status":"publish","type":"page","link":"https:\/\/www.rm-communication.de\/home\/leistungen\/redaktion\/","title":{"rendered":"Redaktion | Text"},"content":{"rendered":"\n<blockquote class=\"wp-block-quote is-layout-flow wp-block-quote-is-layout-flow\"><p>&#8222;Worte bringen Gedanken ins Leben&#8220;<\/p><\/blockquote>\n\n\n\n<p>Artikel schreiben und bearbeiten ist eine Grundaufgabe journalistischer Arbeit. Mit mehr als 25 Jahren Erfahrung (AV-views, AV-Signage, VDI-Nachrichten, Aachener Nachrichten) wissen wir worauf es ankommt. Der Text muss f\u00fcr die Adressaten bestimmt sein und von ihnen verstanden werden. Nicht die Art wie der Sender glaubt die Botschaft mitteilen zu m\u00fcssen ist relevant, sondern wie es vom Empf\u00e4nger aufgenommen wird. Das ist f\u00fcr Unternehmen in der Kundenansprache nicht anders als im Journalismus.<\/p>\n\n\n<div class=\"wp-block-image\">\n<figure class=\"alignleft\"><a href=\"http:\/\/www.rm-communication.de\/wp-content\/uploads\/2013\/08\/AV-views.png\" data-rel=\"lightbox-gallery-8kcpqcYt\" data-rl_title=\"\" data-rl_caption=\"\" title=\"\"><img loading=\"lazy\" decoding=\"async\" width=\"300\" height=\"190\" src=\"http:\/\/www.rm-communication.de\/wp-content\/uploads\/2013\/08\/AV-views-300x190.png\" alt=\"AV-views\" class=\"wp-image-196\" srcset=\"https:\/\/www.rm-communication.de\/wp-content\/uploads\/2013\/08\/AV-views-300x190.png 300w, https:\/\/www.rm-communication.de\/wp-content\/uploads\/2013\/08\/AV-views-1024x651.png 1024w\" sizes=\"auto, (max-width: 300px) 100vw, 300px\" \/><\/a><\/figure>\n<\/div>\n\n\n<p>Wir helfen Ihnen:<\/p>\n\n\n\n<ul class=\"wp-block-list\"><li><strong>Texte zu verfassen<\/strong><\/li><li><strong>Texte zu \u00fcberarbeiten<\/strong> (redigieren)<\/li><li><strong>Texte zu \u00fcbersetzen<\/strong> (englisch-deutsch)<\/li><\/ul>\n\n\n\n<p>Das Spektrum reicht von Unternehmensbrosch\u00fcren bis hin zu einfachen Pressetexten.<\/p>\n\n\n\n<p>Wir k\u00f6nnen auch Full-Service anbieten &#8211; von der Idee bis zum Druck liefern wir Ihre Unternehmensdokumente, als Print- oder als Online-Version.<\/p>\n\n\n\n<p><strong>Wir liefern Inhalte!<\/strong><\/p>\n","protected":false},"excerpt":{"rendered":"<div class=\"mh-excerpt\"><p>&#8222;Worte bringen Gedanken ins Leben&#8220; Artikel schreiben und bearbeiten ist eine Grundaufgabe journalistischer Arbeit. Mit mehr als 25 Jahren Erfahrung <a class=\"mh-excerpt-more\" href=\"https:\/\/www.rm-communication.de\/home\/leistungen\/redaktion\/\" title=\"Redaktion | Text\">[Mehr &#8230;]<\/a><\/p>\n<\/div>","protected":false},"author":1,"featured_media":0,"parent":61,"menu_order":0,"comment_status":"closed","ping_status":"closed","template":"","meta":{"footnotes":""},"class_list":["post-191","page","type-page","status-publish"],"yoast_head":"<!-- This site is optimized with the Yoast SEO plugin v27.3 - https:\/\/yoast.com\/product\/yoast-seo-wordpress\/ -->\n<title>Redaktion | Text - RM-Communication<\/title>\n<meta name=\"robots\" content=\"noindex, nofollow\" \/>\n<meta property=\"og:locale\" content=\"de_DE\" \/>\n<meta property=\"og:type\" content=\"article\" \/>\n<meta property=\"og:title\" content=\"Redaktion | Text - RM-Communication\" \/>\n<meta property=\"og:description\" content=\"&#8222;Worte bringen Gedanken ins Leben&#8220; Artikel schreiben und bearbeiten ist eine Grundaufgabe journalistischer Arbeit. Mit mehr als 25 Jahren Erfahrung [Mehr ...]\" \/>\n<meta property=\"og:url\" content=\"https:\/\/www.rm-communication.de\/home\/leistungen\/redaktion\/\" \/>\n<meta property=\"og:site_name\" content=\"RM-Communication\" \/>\n<meta property=\"article:modified_time\" content=\"2022-08-08T07:50:25+00:00\" \/>\n<meta property=\"og:image\" content=\"http:\/\/www.rm-communication.de\/wp-content\/uploads\/2013\/08\/AV-views-300x190.png\" \/>\n<meta name=\"twitter:card\" content=\"summary_large_image\" \/>\n<meta name=\"twitter:label1\" content=\"Gesch\u00e4tzte Lesezeit\" \/>\n\t<meta name=\"twitter:data1\" content=\"1\u00a0Minute\" \/>\n<script type=\"application\/ld+json\" class=\"yoast-schema-graph\">{\"@context\":\"https:\\\/\\\/schema.org\",\"@graph\":[{\"@type\":\"WebPage\",\"@id\":\"https:\\\/\\\/www.rm-communication.de\\\/home\\\/leistungen\\\/redaktion\\\/\",\"url\":\"https:\\\/\\\/www.rm-communication.de\\\/home\\\/leistungen\\\/redaktion\\\/\",\"name\":\"Redaktion | Text - RM-Communication\",\"isPartOf\":{\"@id\":\"https:\\\/\\\/www.rm-communication.de\\\/home\\\/#website\"},\"primaryImageOfPage\":{\"@id\":\"https:\\\/\\\/www.rm-communication.de\\\/home\\\/leistungen\\\/redaktion\\\/#primaryimage\"},\"image\":{\"@id\":\"https:\\\/\\\/www.rm-communication.de\\\/home\\\/leistungen\\\/redaktion\\\/#primaryimage\"},\"thumbnailUrl\":\"http:\\\/\\\/www.rm-communication.de\\\/wp-content\\\/uploads\\\/2013\\\/08\\\/AV-views-300x190.png\",\"datePublished\":\"2013-08-21T11:06:04+00:00\",\"dateModified\":\"2022-08-08T07:50:25+00:00\",\"breadcrumb\":{\"@id\":\"https:\\\/\\\/www.rm-communication.de\\\/home\\\/leistungen\\\/redaktion\\\/#breadcrumb\"},\"inLanguage\":\"de\",\"potentialAction\":[{\"@type\":\"ReadAction\",\"target\":[\"https:\\\/\\\/www.rm-communication.de\\\/home\\\/leistungen\\\/redaktion\\\/\"]}]},{\"@type\":\"ImageObject\",\"inLanguage\":\"de\",\"@id\":\"https:\\\/\\\/www.rm-communication.de\\\/home\\\/leistungen\\\/redaktion\\\/#primaryimage\",\"url\":\"http:\\\/\\\/www.rm-communication.de\\\/wp-content\\\/uploads\\\/2013\\\/08\\\/AV-views-300x190.png\",\"contentUrl\":\"http:\\\/\\\/www.rm-communication.de\\\/wp-content\\\/uploads\\\/2013\\\/08\\\/AV-views-300x190.png\"},{\"@type\":\"BreadcrumbList\",\"@id\":\"https:\\\/\\\/www.rm-communication.de\\\/home\\\/leistungen\\\/redaktion\\\/#breadcrumb\",\"itemListElement\":[{\"@type\":\"ListItem\",\"position\":1,\"name\":\"Home\",\"item\":\"https:\\\/\\\/www.rm-communication.de\\\/home\\\/\"},{\"@type\":\"ListItem\",\"position\":2,\"name\":\"Leistungen\",\"item\":\"https:\\\/\\\/www.rm-communication.de\\\/home\\\/leistungen\\\/\"},{\"@type\":\"ListItem\",\"position\":3,\"name\":\"Redaktion | Text\"}]},{\"@type\":\"WebSite\",\"@id\":\"https:\\\/\\\/www.rm-communication.de\\\/home\\\/#website\",\"url\":\"https:\\\/\\\/www.rm-communication.de\\\/home\\\/\",\"name\":\"RM-Communication\",\"description\":\"Agentur f\u00fcr Kommunikation, PR-Service, Content-Management und Pr\u00e4sentationen\",\"potentialAction\":[{\"@type\":\"SearchAction\",\"target\":{\"@type\":\"EntryPoint\",\"urlTemplate\":\"https:\\\/\\\/www.rm-communication.de\\\/home\\\/?s={search_term_string}\"},\"query-input\":{\"@type\":\"PropertyValueSpecification\",\"valueRequired\":true,\"valueName\":\"search_term_string\"}}],\"inLanguage\":\"de\"}]}<\/script>\n<!-- \/ Yoast SEO plugin. -->","yoast_head_json":{"title":"Redaktion | Text - RM-Communication","robots":{"index":"noindex","follow":"nofollow"},"og_locale":"de_DE","og_type":"article","og_title":"Redaktion | Text - RM-Communication","og_description":"&#8222;Worte bringen Gedanken ins Leben&#8220; Artikel schreiben und bearbeiten ist eine Grundaufgabe journalistischer Arbeit. Mit mehr als 25 Jahren Erfahrung [Mehr ...]","og_url":"https:\/\/www.rm-communication.de\/home\/leistungen\/redaktion\/","og_site_name":"RM-Communication","article_modified_time":"2022-08-08T07:50:25+00:00","og_image":[{"url":"http:\/\/www.rm-communication.de\/wp-content\/uploads\/2013\/08\/AV-views-300x190.png","type":"","width":"","height":""}],"twitter_card":"summary_large_image","twitter_misc":{"Gesch\u00e4tzte Lesezeit":"1\u00a0Minute"},"schema":{"@context":"https:\/\/schema.org","@graph":[{"@type":"WebPage","@id":"https:\/\/www.rm-communication.de\/home\/leistungen\/redaktion\/","url":"https:\/\/www.rm-communication.de\/home\/leistungen\/redaktion\/","name":"Redaktion | Text - RM-Communication","isPartOf":{"@id":"https:\/\/www.rm-communication.de\/home\/#website"},"primaryImageOfPage":{"@id":"https:\/\/www.rm-communication.de\/home\/leistungen\/redaktion\/#primaryimage"},"image":{"@id":"https:\/\/www.rm-communication.de\/home\/leistungen\/redaktion\/#primaryimage"},"thumbnailUrl":"http:\/\/www.rm-communication.de\/wp-content\/uploads\/2013\/08\/AV-views-300x190.png","datePublished":"2013-08-21T11:06:04+00:00","dateModified":"2022-08-08T07:50:25+00:00","breadcrumb":{"@id":"https:\/\/www.rm-communication.de\/home\/leistungen\/redaktion\/#breadcrumb"},"inLanguage":"de","potentialAction":[{"@type":"ReadAction","target":["https:\/\/www.rm-communication.de\/home\/leistungen\/redaktion\/"]}]},{"@type":"ImageObject","inLanguage":"de","@id":"https:\/\/www.rm-communication.de\/home\/leistungen\/redaktion\/#primaryimage","url":"http:\/\/www.rm-communication.de\/wp-content\/uploads\/2013\/08\/AV-views-300x190.png","contentUrl":"http:\/\/www.rm-communication.de\/wp-content\/uploads\/2013\/08\/AV-views-300x190.png"},{"@type":"BreadcrumbList","@id":"https:\/\/www.rm-communication.de\/home\/leistungen\/redaktion\/#breadcrumb","itemListElement":[{"@type":"ListItem","position":1,"name":"Home","item":"https:\/\/www.rm-communication.de\/home\/"},{"@type":"ListItem","position":2,"name":"Leistungen","item":"https:\/\/www.rm-communication.de\/home\/leistungen\/"},{"@type":"ListItem","position":3,"name":"Redaktion | Text"}]},{"@type":"WebSite","@id":"https:\/\/www.rm-communication.de\/home\/#website","url":"https:\/\/www.rm-communication.de\/home\/","name":"RM-Communication","description":"Agentur f\u00fcr Kommunikation, PR-Service, Content-Management und Pr\u00e4sentationen","potentialAction":[{"@type":"SearchAction","target":{"@type":"EntryPoint","urlTemplate":"https:\/\/www.rm-communication.de\/home\/?s={search_term_string}"},"query-input":{"@type":"PropertyValueSpecification","valueRequired":true,"valueName":"search_term_string"}}],"inLanguage":"de"}]}},"_links":{"self":[{"href":"https:\/\/www.rm-communication.de\/home\/wp-json\/wp\/v2\/pages\/191","targetHints":{"allow":["GET"]}}],"collection":[{"href":"https:\/\/www.rm-communication.de\/home\/wp-json\/wp\/v2\/pages"}],"about":[{"href":"https:\/\/www.rm-communication.de\/home\/wp-json\/wp\/v2\/types\/page"}],"author":[{"embeddable":true,"href":"https:\/\/www.rm-communication.de\/home\/wp-json\/wp\/v2\/users\/1"}],"replies":[{"embeddable":true,"href":"https:\/\/www.rm-communication.de\/home\/wp-json\/wp\/v2\/comments?post=191"}],"version-history":[{"count":21,"href":"https:\/\/www.rm-communication.de\/home\/wp-json\/wp\/v2\/pages\/191\/revisions"}],"predecessor-version":[{"id":1210,"href":"https:\/\/www.rm-communication.de\/home\/wp-json\/wp\/v2\/pages\/191\/revisions\/1210"}],"up":[{"embeddable":true,"href":"https:\/\/www.rm-communication.de\/home\/wp-json\/wp\/v2\/pages\/61"}],"wp:attachment":[{"href":"https:\/\/www.rm-communication.de\/home\/wp-json\/wp\/v2\/media?parent=191"}],"curies":[{"name":"wp","href":"https:\/\/api.w.org\/{rel}","templated":true}]}}