{"id":271,"date":"2013-09-02T06:30:21","date_gmt":"2013-09-02T04:30:21","guid":{"rendered":"http:\/\/www.rm-communication.de\/home\/?page_id=271"},"modified":"2021-10-06T17:27:01","modified_gmt":"2021-10-06T15:27:01","slug":"content-ist-alles","status":"publish","type":"page","link":"https:\/\/www.rm-communication.de\/home\/leistungen\/content-ist-alles\/","title":{"rendered":"Content-Management"},"content":{"rendered":"\n<p>Das Internet bietet heute den Unternehmen die Gelegenheit, sich relativ g\u00fcnstig der \u00d6ffentlichkeit zu pr\u00e4sentieren. Relativ hei\u00dft, es sind wenig Investitionskosten in Hardware, Software oder Webspace n\u00f6tig.<\/p>\n\n\n\n<p>Was aber nicht vergessen werden darf ist, dass ein Webauftritt so gestaltet werden muss, dass er benutzerfreundlich ist, dass er dem Corporate Design des Unternehmens gen\u00fcgt und vor allem, dass er st\u00e4ndig aktualisiert wird. Und das nicht zuletzt, um im Suchmaschinen-Ranking nach oben &#8222;gesp\u00fclt&#8220; zu werden. Deshalb kostet Content-Management Zeit, und deshalb ist das Internet nicht umsonst, wenn der Nutzen maximal sein soll:<\/p>\n\n\n\n<p>RMC hilft Unternehmen:<\/p>\n\n\n\n<ul class=\"wp-block-list\"><li><strong>Kleine bis mittlere Websites aufzubauen und zu pflegen (Web-Design)<\/strong><\/li><li><strong>Content einzupflegen (CMS)<\/strong><\/li><li><strong>Content zu generieren (Internet-Recherche, Redaktion, Weboptimierte Bildbearbeitung)<\/strong><\/li><li><strong>Suchmaschinen-Optimierung (SEO)<\/strong><\/li><\/ul>\n\n\n\n<p>Erst im Rahmen einer integrierten Kommunikation zwischen den M\u00f6glichkeiten des Internets und den St\u00e4rken etablierter Instrumente kann sich eine gelungene Marketing- und Unternehmenskommunikation entfalten.<\/p>\n","protected":false},"excerpt":{"rendered":"<div class=\"mh-excerpt\"><p>Das Internet bietet heute den Unternehmen die Gelegenheit, sich relativ g\u00fcnstig der \u00d6ffentlichkeit zu pr\u00e4sentieren. Relativ hei\u00dft, es sind wenig <a class=\"mh-excerpt-more\" href=\"https:\/\/www.rm-communication.de\/home\/leistungen\/content-ist-alles\/\" title=\"Content-Management\">[Mehr &#8230;]<\/a><\/p>\n<\/div>","protected":false},"author":1,"featured_media":0,"parent":61,"menu_order":0,"comment_status":"closed","ping_status":"open","template":"","meta":{"footnotes":""},"class_list":["post-271","page","type-page","status-publish"],"yoast_head":"<!-- This site is optimized with the Yoast SEO plugin v27.3 - https:\/\/yoast.com\/product\/yoast-seo-wordpress\/ -->\n<title>Content-Management - RM-Communication<\/title>\n<meta name=\"robots\" content=\"index, follow, max-snippet:-1, max-image-preview:large, max-video-preview:-1\" \/>\n<link rel=\"canonical\" href=\"https:\/\/www.rm-communication.de\/home\/leistungen\/content-ist-alles\/\" \/>\n<meta property=\"og:locale\" content=\"de_DE\" \/>\n<meta property=\"og:type\" content=\"article\" \/>\n<meta property=\"og:title\" content=\"Content-Management - RM-Communication\" \/>\n<meta property=\"og:description\" content=\"Das Internet bietet heute den Unternehmen die Gelegenheit, sich relativ g\u00fcnstig der \u00d6ffentlichkeit zu pr\u00e4sentieren. Relativ hei\u00dft, es sind wenig [Mehr ...]\" \/>\n<meta property=\"og:url\" content=\"https:\/\/www.rm-communication.de\/home\/leistungen\/content-ist-alles\/\" \/>\n<meta property=\"og:site_name\" content=\"RM-Communication\" \/>\n<meta property=\"article:modified_time\" content=\"2021-10-06T15:27:01+00:00\" \/>\n<meta name=\"twitter:card\" content=\"summary_large_image\" \/>\n<meta name=\"twitter:label1\" content=\"Gesch\u00e4tzte Lesezeit\" \/>\n\t<meta name=\"twitter:data1\" content=\"1\u00a0Minute\" \/>\n<script type=\"application\/ld+json\" class=\"yoast-schema-graph\">{\"@context\":\"https:\\\/\\\/schema.org\",\"@graph\":[{\"@type\":\"WebPage\",\"@id\":\"https:\\\/\\\/www.rm-communication.de\\\/home\\\/leistungen\\\/content-ist-alles\\\/\",\"url\":\"https:\\\/\\\/www.rm-communication.de\\\/home\\\/leistungen\\\/content-ist-alles\\\/\",\"name\":\"Content-Management - RM-Communication\",\"isPartOf\":{\"@id\":\"https:\\\/\\\/www.rm-communication.de\\\/home\\\/#website\"},\"datePublished\":\"2013-09-02T04:30:21+00:00\",\"dateModified\":\"2021-10-06T15:27:01+00:00\",\"breadcrumb\":{\"@id\":\"https:\\\/\\\/www.rm-communication.de\\\/home\\\/leistungen\\\/content-ist-alles\\\/#breadcrumb\"},\"inLanguage\":\"de\",\"potentialAction\":[{\"@type\":\"ReadAction\",\"target\":[\"https:\\\/\\\/www.rm-communication.de\\\/home\\\/leistungen\\\/content-ist-alles\\\/\"]}]},{\"@type\":\"BreadcrumbList\",\"@id\":\"https:\\\/\\\/www.rm-communication.de\\\/home\\\/leistungen\\\/content-ist-alles\\\/#breadcrumb\",\"itemListElement\":[{\"@type\":\"ListItem\",\"position\":1,\"name\":\"Home\",\"item\":\"https:\\\/\\\/www.rm-communication.de\\\/home\\\/\"},{\"@type\":\"ListItem\",\"position\":2,\"name\":\"Leistungen\",\"item\":\"https:\\\/\\\/www.rm-communication.de\\\/home\\\/leistungen\\\/\"},{\"@type\":\"ListItem\",\"position\":3,\"name\":\"Content-Management\"}]},{\"@type\":\"WebSite\",\"@id\":\"https:\\\/\\\/www.rm-communication.de\\\/home\\\/#website\",\"url\":\"https:\\\/\\\/www.rm-communication.de\\\/home\\\/\",\"name\":\"RM-Communication\",\"description\":\"Agentur f\u00fcr Kommunikation, PR-Service, Content-Management und Pr\u00e4sentationen\",\"potentialAction\":[{\"@type\":\"SearchAction\",\"target\":{\"@type\":\"EntryPoint\",\"urlTemplate\":\"https:\\\/\\\/www.rm-communication.de\\\/home\\\/?s={search_term_string}\"},\"query-input\":{\"@type\":\"PropertyValueSpecification\",\"valueRequired\":true,\"valueName\":\"search_term_string\"}}],\"inLanguage\":\"de\"}]}<\/script>\n<!-- \/ Yoast SEO plugin. -->","yoast_head_json":{"title":"Content-Management - RM-Communication","robots":{"index":"index","follow":"follow","max-snippet":"max-snippet:-1","max-image-preview":"max-image-preview:large","max-video-preview":"max-video-preview:-1"},"canonical":"https:\/\/www.rm-communication.de\/home\/leistungen\/content-ist-alles\/","og_locale":"de_DE","og_type":"article","og_title":"Content-Management - RM-Communication","og_description":"Das Internet bietet heute den Unternehmen die Gelegenheit, sich relativ g\u00fcnstig der \u00d6ffentlichkeit zu pr\u00e4sentieren. Relativ hei\u00dft, es sind wenig [Mehr ...]","og_url":"https:\/\/www.rm-communication.de\/home\/leistungen\/content-ist-alles\/","og_site_name":"RM-Communication","article_modified_time":"2021-10-06T15:27:01+00:00","twitter_card":"summary_large_image","twitter_misc":{"Gesch\u00e4tzte Lesezeit":"1\u00a0Minute"},"schema":{"@context":"https:\/\/schema.org","@graph":[{"@type":"WebPage","@id":"https:\/\/www.rm-communication.de\/home\/leistungen\/content-ist-alles\/","url":"https:\/\/www.rm-communication.de\/home\/leistungen\/content-ist-alles\/","name":"Content-Management - RM-Communication","isPartOf":{"@id":"https:\/\/www.rm-communication.de\/home\/#website"},"datePublished":"2013-09-02T04:30:21+00:00","dateModified":"2021-10-06T15:27:01+00:00","breadcrumb":{"@id":"https:\/\/www.rm-communication.de\/home\/leistungen\/content-ist-alles\/#breadcrumb"},"inLanguage":"de","potentialAction":[{"@type":"ReadAction","target":["https:\/\/www.rm-communication.de\/home\/leistungen\/content-ist-alles\/"]}]},{"@type":"BreadcrumbList","@id":"https:\/\/www.rm-communication.de\/home\/leistungen\/content-ist-alles\/#breadcrumb","itemListElement":[{"@type":"ListItem","position":1,"name":"Home","item":"https:\/\/www.rm-communication.de\/home\/"},{"@type":"ListItem","position":2,"name":"Leistungen","item":"https:\/\/www.rm-communication.de\/home\/leistungen\/"},{"@type":"ListItem","position":3,"name":"Content-Management"}]},{"@type":"WebSite","@id":"https:\/\/www.rm-communication.de\/home\/#website","url":"https:\/\/www.rm-communication.de\/home\/","name":"RM-Communication","description":"Agentur f\u00fcr Kommunikation, PR-Service, Content-Management und Pr\u00e4sentationen","potentialAction":[{"@type":"SearchAction","target":{"@type":"EntryPoint","urlTemplate":"https:\/\/www.rm-communication.de\/home\/?s={search_term_string}"},"query-input":{"@type":"PropertyValueSpecification","valueRequired":true,"valueName":"search_term_string"}}],"inLanguage":"de"}]}},"_links":{"self":[{"href":"https:\/\/www.rm-communication.de\/home\/wp-json\/wp\/v2\/pages\/271","targetHints":{"allow":["GET"]}}],"collection":[{"href":"https:\/\/www.rm-communication.de\/home\/wp-json\/wp\/v2\/pages"}],"about":[{"href":"https:\/\/www.rm-communication.de\/home\/wp-json\/wp\/v2\/types\/page"}],"author":[{"embeddable":true,"href":"https:\/\/www.rm-communication.de\/home\/wp-json\/wp\/v2\/users\/1"}],"replies":[{"embeddable":true,"href":"https:\/\/www.rm-communication.de\/home\/wp-json\/wp\/v2\/comments?post=271"}],"version-history":[{"count":10,"href":"https:\/\/www.rm-communication.de\/home\/wp-json\/wp\/v2\/pages\/271\/revisions"}],"predecessor-version":[{"id":1117,"href":"https:\/\/www.rm-communication.de\/home\/wp-json\/wp\/v2\/pages\/271\/revisions\/1117"}],"up":[{"embeddable":true,"href":"https:\/\/www.rm-communication.de\/home\/wp-json\/wp\/v2\/pages\/61"}],"wp:attachment":[{"href":"https:\/\/www.rm-communication.de\/home\/wp-json\/wp\/v2\/media?parent=271"}],"curies":[{"name":"wp","href":"https:\/\/api.w.org\/{rel}","templated":true}]}}