{"id":30,"date":"2013-07-16T21:18:00","date_gmt":"2013-07-16T19:18:00","guid":{"rendered":"http:\/\/www.rm-communication.de\/?page_id=30"},"modified":"2020-05-23T18:16:18","modified_gmt":"2020-05-23T16:16:18","slug":"impressum","status":"publish","type":"page","link":"https:\/\/www.rm-communication.de\/home\/impressum\/","title":{"rendered":"Impressum"},"content":{"rendered":"\n<p>Angaben gem\u00e4\u00df \u00a7 5 TMG:<\/p>\n\n\n\n<p><strong>Aktualisisert: Mai 2020<\/strong><\/p>\n\n\n\n<h3 class=\"wp-block-heading\">Kontakt:<\/h3>\n\n\n\n<p>Ralf Mrotzek<br>Agentur RM-Communcation (RMC)<br>Berstr. 1a<br>52134 Herzogenrath<\/p>\n\n\n\n<p>Telefon: +49 (0) 2407 &#8211; 918294<br>eMail: &nbsp;info@rm-communication.de<\/p>\n\n\n\n<h3 class=\"wp-block-heading\">Umsatzsteuer-ID:<\/h3>\n\n\n\n<p>Umsatzsteuer-Identifikationsnummer gem\u00e4\u00df \u00a727 a Umsatzsteuergesetz:<br>DE 289498847<\/p>\n\n\n\n<h3 class=\"wp-block-heading\">Aufsichtsbeh\u00f6rde:<\/h3>\n\n\n\n<p>Quelle: <i>Impressumsgenerator, Rechtsanwalt f\u00fcr <a href=\"http:\/\/www.e-recht24.de\">Internetrecht<\/a> S\u00f6ren Siebert<\/i><\/p>\n\n\n\n<h3 class=\"wp-block-heading\">&nbsp;<\/h3>\n\n\n\n<p><strong>&nbsp;Verantwortlich f\u00fcr den Inhalt nach \u00a7 55 Abs. 2 RStV:<\/strong><\/p>\n\n\n\n<p>Ralf Mrotzek, Bergstr. 1a, 52134 Herzogenrath<\/p>\n\n\n\n<h3 class=\"wp-block-heading\">Haftungsausschluss:<\/h3>\n\n\n\n<h4 class=\"wp-block-heading\">Haftung f\u00fcr Inhalte<\/h4>\n\n\n\n<p>Die Inhalte unserer Seiten wurden mit gr\u00f6\u00dfter Sorgfalt erstellt. F\u00fcr die Richtigkeit, Vollst\u00e4ndigkeit und Aktualit\u00e4t der Inhalte k\u00f6nnen wir jedoch keine Gew\u00e4hr \u00fcbernehmen. Als Diensteanbieter sind wir gem\u00e4\u00df \u00a7 7 Abs.1 TMG f\u00fcr eigene Inhalte auf diesen Seiten nach den allgemeinen Gesetzen verantwortlich. Nach \u00a7\u00a7 8 bis 10 TMG sind wir als Diensteanbieter jedoch nicht verpflichtet, \u00fcbermittelte oder gespeicherte fremde Informationen zu \u00fcberwachen oder nach Umst\u00e4nden zu forschen, die auf eine rechtswidrige T\u00e4tigkeit hinweisen. Verpflichtungen zur Entfernung oder Sperrung der Nutzung von Informationen nach den allgemeinen Gesetzen bleiben hiervon unber\u00fchrt. Eine diesbez\u00fcgliche Haftung ist jedoch erst ab dem Zeitpunkt der Kenntnis einer konkreten Rechtsverletzung m\u00f6glich. Bei Bekanntwerden von entsprechenden Rechtsverletzungen werden wir diese Inhalte umgehend entfernen.<\/p>\n\n\n\n<h4 class=\"wp-block-heading\">Haftung f\u00fcr Links<\/h4>\n\n\n\n<p>Unser Angebot enth\u00e4lt Links zu externen Webseiten Dritter, auf deren Inhalte wir keinen Einfluss haben. Deshalb k\u00f6nnen wir f\u00fcr diese fremden Inhalte auch keine Gew\u00e4hr \u00fcbernehmen. F\u00fcr die Inhalte der verlinkten Seiten ist stets der jeweilige Anbieter oder Betreiber der Seiten verantwortlich. Die verlinkten Seiten wurden zum Zeitpunkt der Verlinkung auf m\u00f6gliche Rechtsverst\u00f6\u00dfe \u00fcberpr\u00fcft. Rechtswidrige Inhalte waren zum Zeitpunkt der Verlinkung nicht erkennbar. Eine permanente inhaltliche Kontrolle der verlinkten Seiten ist jedoch ohne konkrete Anhaltspunkte einer Rechtsverletzung nicht zumutbar. Bei Bekanntwerden von Rechtsverletzungen werden wir derartige Links umgehend entfernen.<\/p>\n\n\n\n<h4 class=\"wp-block-heading\">Urheberrecht<\/h4>\n\n\n\n<p>Die durch die Seitenbetreiber erstellten Inhalte und Werke auf diesen Seiten unterliegen dem deutschen Urheberrecht. Die Vervielf\u00e4ltigung, Bearbeitung, Verbreitung und jede Art der Verwertung au\u00dferhalb der Grenzen des Urheberrechtes bed\u00fcrfen der schriftlichen Zustimmung des jeweiligen Autors bzw. Erstellers. Downloads und Kopien dieser Seite sind nur f\u00fcr den privaten, nicht kommerziellen Gebrauch gestattet. Soweit die Inhalte auf dieser Seite nicht vom Betreiber erstellt wurden, werden die Urheberrechte Dritter beachtet. Insbesondere werden Inhalte Dritter als solche gekennzeichnet. Sollten Sie trotzdem auf eine Urheberrechtsverletzung aufmerksam werden, bitten wir um einen entsprechenden Hinweis. Bei Bekanntwerden von Rechtsverletzungen werden wir derartige Inhalte umgehend entfernen.<\/p>\n\n\n\n<h3 class=\"wp-block-heading\">Nutzungsbedingungen f\u00fcr Dienste<\/h3>\n\n\n\n<p>Bevor Sie die pers\u00f6nlichen Dienste der RMC (Anbieter) nutzen, m\u00f6chten wir Sie auf die \u201eAllgemeinen Nutzungsbedingungen\u201c hinweisen (hier auch Nutzungsbedingungen genannt): Sie m\u00fcssen diesen Nutzungsbedingungen zustimmen, wenn Sie die registrierungspflichtigen Online-Angebote der RMC nutzen wollen. Zurzeit sind es diese Angebote:<\/p>\n\n\n\n<p><strong>AV-Residential (<a href=\"http:\/\/www.av-views.com\/\">www.av-residential.com<\/a>)<\/strong><br><strong>Largeformatscreens (<a href=\"http:\/\/www.av-signage.de\/\">www.largeformatscreens.com<\/a>)<br>Sportkritiker (<a href=\"http:\/\/www.sportkritiker.de\" target=\"_blank\" rel=\"noopener noreferrer\">www.sportkritiker.de<\/a>)<br><\/strong><\/p>\n\n\n\n<p>Wenn Sie die Registrierungsfelder anklicken, erkl\u00e4ren Sie, dass sie die Nutzungsbedingungen gelesen haben und mit Ihnen einverstanden sind. Die Nutzungsbedingungen liegen auch druckf\u00e4hig als pdf-Datei vor.<\/p>\n\n\n\n<h4 class=\"wp-block-heading\">1. Geltungsbereich<\/h4>\n\n\n\n<p>Die Nutzungsbedingungen betreffen alle registrierungspflichtigen Dienste, die auf den Web-Seiten von www.av-residential.com und www.largeformatscreens.com angeboten werden. Die Nutzungsbedingungen gelten f\u00fcr alle Leistungen, soweit keine spezielleren Regelungen gelten. Die Allgemeinen Gesch\u00e4ftsbedingungen (AGBs) der Online-Magazine gelten in \u00dcbereinstimmung mit diesen Nutzungsbedingungen uneingeschr\u00e4nkt weiter. Sollten widerspr\u00fcchlichen Regelungen auftreten, haben die spezielleren AGBs Vorrang.<\/p>\n\n\n\n<p>Abweichende oder entgegenstehende Bedingungen seitens des Nutzers gelten nicht. Bei Online-Diensten, die durch externe erbracht werden (Werbungtreibende, etc.) gelten deren AGBs.<\/p>\n\n\n\n<p>Die hier vorliegenden Nutzungsbedingungen k\u00f6nnen angepasst werden, wenn beispielsweise Gesetzes\u00e4nderungen, \u00c4nderungen der Dienste oder L\u00fccken in den Regelungen vorliegen. Die Ver\u00e4nderungen werden von der MediaScript Verlag und Service GmbH vier Wochen vor Inkrafttreten mit dem Recht auf Widerspruch (und den Folgen des Ausbleibens des Widerspruchs) angek\u00fcndigt und sind wirksam, wenn ihnen in dieser Zeit nicht widersprochen wird.<\/p>\n\n\n\n<h4 class=\"wp-block-heading\">2. Verf\u00fcgbarkeit<\/h4>\n\n\n\n<p>Der Anbieter stellt seine Leistungen dem Nutzer unter Vorbehalt der Verf\u00fcgbarkeit an und ist stets bem\u00fcht diese zug\u00e4nglich zu halten. Dennoch k\u00f6nnen durch St\u00f6rungen, Wartungsarbeiten die M\u00f6glichkeiten der Nutzung eingeschr\u00e4nkt oder tempor\u00e4r unterbrochen werden. M\u00f6glicherweise kommt es dadurch auch zu Datenverlusten. Aus diesen Verlusten entstehen keine Entsch\u00e4digungsanspr\u00fcche seitens der Nutzer. Ferner kann der Anbieter seine Leistungen und Dienste jederzeit und nach eigenem Ermessen \u00e4ndern oder einstellen.<\/p>\n\n\n\n<h4 class=\"wp-block-heading\">3. Benutzerkonten<\/h4>\n\n\n\n<p>Einige von der RMC angebotenen Dienste (z. B. Newsletter) erfordern die Einrichtung eines pers\u00f6nlichen Nutzerkontos. Dazu m\u00fcssen sich die Nutzer in einer Eingabemaske einmalig registrieren, um anschlie\u00dfend ein passwortgesch\u00fctzes Benutzerkonto zu erhalten. Dieses ist pers\u00f6nlich und ist nicht vom Nutzer \u00fcbertragbar. F\u00fcr die Geheimhaltung von Benutzernamen und Kennwort ist der Nutzer allein verantwortleich.<\/p>\n\n\n\n<h4 class=\"wp-block-heading\">4. Nutzerpflichten<\/h4>\n\n\n\n<p>Der Nutzer der von RMC angebotenen Diensten verpflichtet sich, nicht gegen geltendes Recht oder vertragliche Bestimmungen zu versto\u00dfen. Ferner verpflichtet er sich, dass die von ihm verbreiteten Inhalte die Rechte Dritter nicht verletzen. Das sind besonders: Urheberrechte, Pers\u00f6nlichkeitsrechte, Marken- und Patentrechte sowie sonstige Rechte. Ferner sind die geltende Strafgesetzte und Jungendschutzbestimmungen zu beachten. Die Nutzer verpflichten sich, keine rassistischen, pornografischen, jugendgef\u00e4hrdenden, Gewalt oder Krieg verherrlichenden, terroristische Vereinigungen unterst\u00fctzenden, zu Straftaten auffordernden, beleidigenden oder andere strafbaren Inhalte zu verbreiten.<\/p>\n\n\n\n<p>Dar\u00fcber hinaus sind vom Nutzer alle datenschutzrechtlichen Bestimmungen zu erf\u00fcllen. Besonders sind an den Anbieter ausgehende eMails auf Viren zu \u00fcberpr\u00fcfen, pers\u00f6nliche Daten und Passw\u00f6rter geheim zu halten, technische und gesetzliche Vorschriften zu beachten. Bei Missbrauch, Verletzung oder Verdacht auf Verletzung dieser Bestimmungen ist der Anbieter davon unverz\u00fcglich in Kenntnis zu setzen.<\/p>\n\n\n\n<h4 class=\"wp-block-heading\">5. Nutzungsumfang<\/h4>\n\n\n\n<p>Besonders die urheberrechtlichen Nutzungs- und Verwertungsrechte (z.B. Artikel, Beitr\u00e4ge, Fotos, usw.) und alle anderen Rechte stehen in Bezug zum Nutzer ausschlie\u00dflich dem Anbieter zu. Der Nutzer darf die Inhalte zu privaten Zwecken und zum eigenen Gebrauch nutzen und vervielf\u00e4ltigen. Schutzvermerke, Namen oder Marken d\u00fcrfen dabei nicht ver\u00e4ndert werden. Alle weiteren Nutzungen bed\u00fcrfen der schriftlichen Zustimmung des Anbieters.<\/p>\n\n\n\n<h4 class=\"wp-block-heading\">6. \u00c4nderung und K\u00fcndigung<\/h4>\n\n\n\n<p>Der Dienst des Anbieters kann nach angemessener Vorank\u00fcndigung seinen Dienst beenden, erweitern oder ver\u00e4ndern. Das gilt insbesondere, wenn sich die technischen, rechtlichen oder kommerziellen Rahmenbedingungen \u00e4ndern.<br>Nutzer und Anbieter k\u00f6nnen jederzeit den Dienst k\u00fcndigen. Der Anbieter kann insbesonderen dann k\u00fcndigen, wenn:<\/p>\n\n\n\n<ul class=\"wp-block-list\"><li>der Nutzer gegen wesentliche Bestimmungen der Nutzungsbedingungen verst\u00f6\u00dft<\/li><li>der Nutzer das Angebot der Dienste gegen\u00fcber Dritten missbraucht.<\/li><\/ul>\n\n\n\n<p>Die K\u00fcndigungen sind schriftlich zu erfolgen, wobei eine E-Mail ausreicht. Im Anschluss wird der Zugang zum Dienst gesperrt.<\/p>\n","protected":false},"excerpt":{"rendered":"<div class=\"mh-excerpt\"><p>Angaben gem\u00e4\u00df \u00a7 5 TMG: Aktualisisert: Mai 2020 Kontakt: Ralf MrotzekAgentur RM-Communcation (RMC)Berstr. 1a52134 Herzogenrath Telefon: +49 (0) 2407 &#8211; <a class=\"mh-excerpt-more\" href=\"https:\/\/www.rm-communication.de\/home\/impressum\/\" title=\"Impressum\">[Mehr &#8230;]<\/a><\/p>\n<\/div>","protected":false},"author":1,"featured_media":0,"parent":0,"menu_order":0,"comment_status":"closed","ping_status":"closed","template":"full-width-page.php","meta":{"footnotes":""},"class_list":["post-30","page","type-page","status-publish"],"yoast_head":"<!-- This site is optimized with the Yoast SEO plugin v27.3 - https:\/\/yoast.com\/product\/yoast-seo-wordpress\/ -->\n<title>Impressum - RM-Communication<\/title>\n<meta name=\"robots\" content=\"index, follow, max-snippet:-1, max-image-preview:large, max-video-preview:-1\" \/>\n<link rel=\"canonical\" href=\"https:\/\/www.rm-communication.de\/home\/impressum\/\" \/>\n<meta property=\"og:locale\" content=\"de_DE\" \/>\n<meta property=\"og:type\" content=\"article\" \/>\n<meta property=\"og:title\" content=\"Impressum - RM-Communication\" \/>\n<meta property=\"og:description\" content=\"Angaben gem\u00e4\u00df \u00a7 5 TMG: Aktualisisert: Mai 2020 Kontakt: Ralf MrotzekAgentur RM-Communcation (RMC)Berstr. 1a52134 Herzogenrath Telefon: +49 (0) 2407 &#8211; [Mehr ...]\" \/>\n<meta property=\"og:url\" content=\"https:\/\/www.rm-communication.de\/home\/impressum\/\" \/>\n<meta property=\"og:site_name\" content=\"RM-Communication\" \/>\n<meta property=\"article:modified_time\" content=\"2020-05-23T16:16:18+00:00\" \/>\n<meta name=\"twitter:card\" content=\"summary_large_image\" \/>\n<meta name=\"twitter:label1\" content=\"Gesch\u00e4tzte Lesezeit\" \/>\n\t<meta name=\"twitter:data1\" content=\"5\u00a0Minuten\" \/>\n<script type=\"application\/ld+json\" class=\"yoast-schema-graph\">{\"@context\":\"https:\\\/\\\/schema.org\",\"@graph\":[{\"@type\":\"WebPage\",\"@id\":\"https:\\\/\\\/www.rm-communication.de\\\/home\\\/impressum\\\/\",\"url\":\"https:\\\/\\\/www.rm-communication.de\\\/home\\\/impressum\\\/\",\"name\":\"Impressum - RM-Communication\",\"isPartOf\":{\"@id\":\"https:\\\/\\\/www.rm-communication.de\\\/home\\\/#website\"},\"datePublished\":\"2013-07-16T19:18:00+00:00\",\"dateModified\":\"2020-05-23T16:16:18+00:00\",\"breadcrumb\":{\"@id\":\"https:\\\/\\\/www.rm-communication.de\\\/home\\\/impressum\\\/#breadcrumb\"},\"inLanguage\":\"de\",\"potentialAction\":[{\"@type\":\"ReadAction\",\"target\":[\"https:\\\/\\\/www.rm-communication.de\\\/home\\\/impressum\\\/\"]}]},{\"@type\":\"BreadcrumbList\",\"@id\":\"https:\\\/\\\/www.rm-communication.de\\\/home\\\/impressum\\\/#breadcrumb\",\"itemListElement\":[{\"@type\":\"ListItem\",\"position\":1,\"name\":\"Home\",\"item\":\"https:\\\/\\\/www.rm-communication.de\\\/home\\\/\"},{\"@type\":\"ListItem\",\"position\":2,\"name\":\"Impressum\"}]},{\"@type\":\"WebSite\",\"@id\":\"https:\\\/\\\/www.rm-communication.de\\\/home\\\/#website\",\"url\":\"https:\\\/\\\/www.rm-communication.de\\\/home\\\/\",\"name\":\"RM-Communication\",\"description\":\"Agentur f\u00fcr Kommunikation, PR-Service, Content-Management und Pr\u00e4sentationen\",\"potentialAction\":[{\"@type\":\"SearchAction\",\"target\":{\"@type\":\"EntryPoint\",\"urlTemplate\":\"https:\\\/\\\/www.rm-communication.de\\\/home\\\/?s={search_term_string}\"},\"query-input\":{\"@type\":\"PropertyValueSpecification\",\"valueRequired\":true,\"valueName\":\"search_term_string\"}}],\"inLanguage\":\"de\"}]}<\/script>\n<!-- \/ Yoast SEO plugin. -->","yoast_head_json":{"title":"Impressum - RM-Communication","robots":{"index":"index","follow":"follow","max-snippet":"max-snippet:-1","max-image-preview":"max-image-preview:large","max-video-preview":"max-video-preview:-1"},"canonical":"https:\/\/www.rm-communication.de\/home\/impressum\/","og_locale":"de_DE","og_type":"article","og_title":"Impressum - RM-Communication","og_description":"Angaben gem\u00e4\u00df \u00a7 5 TMG: Aktualisisert: Mai 2020 Kontakt: Ralf MrotzekAgentur RM-Communcation (RMC)Berstr. 1a52134 Herzogenrath Telefon: +49 (0) 2407 &#8211; [Mehr ...]","og_url":"https:\/\/www.rm-communication.de\/home\/impressum\/","og_site_name":"RM-Communication","article_modified_time":"2020-05-23T16:16:18+00:00","twitter_card":"summary_large_image","twitter_misc":{"Gesch\u00e4tzte Lesezeit":"5\u00a0Minuten"},"schema":{"@context":"https:\/\/schema.org","@graph":[{"@type":"WebPage","@id":"https:\/\/www.rm-communication.de\/home\/impressum\/","url":"https:\/\/www.rm-communication.de\/home\/impressum\/","name":"Impressum - RM-Communication","isPartOf":{"@id":"https:\/\/www.rm-communication.de\/home\/#website"},"datePublished":"2013-07-16T19:18:00+00:00","dateModified":"2020-05-23T16:16:18+00:00","breadcrumb":{"@id":"https:\/\/www.rm-communication.de\/home\/impressum\/#breadcrumb"},"inLanguage":"de","potentialAction":[{"@type":"ReadAction","target":["https:\/\/www.rm-communication.de\/home\/impressum\/"]}]},{"@type":"BreadcrumbList","@id":"https:\/\/www.rm-communication.de\/home\/impressum\/#breadcrumb","itemListElement":[{"@type":"ListItem","position":1,"name":"Home","item":"https:\/\/www.rm-communication.de\/home\/"},{"@type":"ListItem","position":2,"name":"Impressum"}]},{"@type":"WebSite","@id":"https:\/\/www.rm-communication.de\/home\/#website","url":"https:\/\/www.rm-communication.de\/home\/","name":"RM-Communication","description":"Agentur f\u00fcr Kommunikation, PR-Service, Content-Management und Pr\u00e4sentationen","potentialAction":[{"@type":"SearchAction","target":{"@type":"EntryPoint","urlTemplate":"https:\/\/www.rm-communication.de\/home\/?s={search_term_string}"},"query-input":{"@type":"PropertyValueSpecification","valueRequired":true,"valueName":"search_term_string"}}],"inLanguage":"de"}]}},"_links":{"self":[{"href":"https:\/\/www.rm-communication.de\/home\/wp-json\/wp\/v2\/pages\/30","targetHints":{"allow":["GET"]}}],"collection":[{"href":"https:\/\/www.rm-communication.de\/home\/wp-json\/wp\/v2\/pages"}],"about":[{"href":"https:\/\/www.rm-communication.de\/home\/wp-json\/wp\/v2\/types\/page"}],"author":[{"embeddable":true,"href":"https:\/\/www.rm-communication.de\/home\/wp-json\/wp\/v2\/users\/1"}],"replies":[{"embeddable":true,"href":"https:\/\/www.rm-communication.de\/home\/wp-json\/wp\/v2\/comments?post=30"}],"version-history":[{"count":20,"href":"https:\/\/www.rm-communication.de\/home\/wp-json\/wp\/v2\/pages\/30\/revisions"}],"predecessor-version":[{"id":1014,"href":"https:\/\/www.rm-communication.de\/home\/wp-json\/wp\/v2\/pages\/30\/revisions\/1014"}],"wp:attachment":[{"href":"https:\/\/www.rm-communication.de\/home\/wp-json\/wp\/v2\/media?parent=30"}],"curies":[{"name":"wp","href":"https:\/\/api.w.org\/{rel}","templated":true}]}}