{"id":40,"date":"2013-07-16T21:47:21","date_gmt":"2013-07-16T19:47:21","guid":{"rendered":"http:\/\/www.rm-communication.de\/?page_id=40"},"modified":"2014-05-10T08:40:56","modified_gmt":"2014-05-10T06:40:56","slug":"agbs","status":"publish","type":"page","link":"https:\/\/www.rm-communication.de\/home\/impressum\/agbs\/","title":{"rendered":"Allgemeine Gesch\u00e4ftsbedingungen"},"content":{"rendered":"<p>F\u00fcr Kunden: <a title=\"AGBs Kunden\" href=\"http:\/\/www.rm-communication.de\/wp-content\/uploads\/pdfs\/agb_k.pdf\" target=\"_blank\">AGBs Kunden.pdf<\/a><\/p>\n<p>F\u00fcr Lieferanten: AGBs Lieferanten.pdf<\/p>\n<p>Bei Fragen zu den AGBs <a title=\"Kontakt\" href=\"http:\/\/www.rm-communication.de\/ueber-rmc\/kontakt\/\" target=\"_blank\">kontaktieren<\/a> Sie uns einfach!<\/p>\n<p>&nbsp;<\/p>\n<p>&nbsp;<\/p>\n<p>&nbsp;<\/p>\n","protected":false},"excerpt":{"rendered":"<div class=\"mh-excerpt\"><p>F\u00fcr Kunden: AGBs Kunden.pdf F\u00fcr Lieferanten: AGBs Lieferanten.pdf Bei Fragen zu den AGBs kontaktieren Sie uns einfach! &nbsp; &nbsp; &nbsp;<\/p>\n<\/div>","protected":false},"author":1,"featured_media":0,"parent":30,"menu_order":0,"comment_status":"closed","ping_status":"open","template":"full-width-page.php","meta":{"footnotes":""},"class_list":["post-40","page","type-page","status-publish"],"yoast_head":"<!-- This site is optimized with the Yoast SEO plugin v27.3 - https:\/\/yoast.com\/product\/yoast-seo-wordpress\/ -->\n<title>Allgemeine Gesch\u00e4ftsbedingungen - RM-Communication<\/title>\n<meta name=\"robots\" content=\"index, follow, max-snippet:-1, max-image-preview:large, max-video-preview:-1\" \/>\n<link rel=\"canonical\" href=\"https:\/\/www.rm-communication.de\/home\/impressum\/agbs\/\" \/>\n<meta property=\"og:locale\" content=\"de_DE\" \/>\n<meta property=\"og:type\" content=\"article\" \/>\n<meta property=\"og:title\" content=\"Allgemeine Gesch\u00e4ftsbedingungen - RM-Communication\" \/>\n<meta property=\"og:description\" content=\"F\u00fcr Kunden: AGBs Kunden.pdf F\u00fcr Lieferanten: AGBs Lieferanten.pdf Bei Fragen zu den AGBs kontaktieren Sie uns einfach! &nbsp; &nbsp; &nbsp;\" \/>\n<meta property=\"og:url\" content=\"https:\/\/www.rm-communication.de\/home\/impressum\/agbs\/\" \/>\n<meta property=\"og:site_name\" content=\"RM-Communication\" \/>\n<meta property=\"article:modified_time\" content=\"2014-05-10T06:40:56+00:00\" \/>\n<meta name=\"twitter:card\" content=\"summary_large_image\" \/>\n<script type=\"application\/ld+json\" class=\"yoast-schema-graph\">{\"@context\":\"https:\\\/\\\/schema.org\",\"@graph\":[{\"@type\":\"WebPage\",\"@id\":\"https:\\\/\\\/www.rm-communication.de\\\/home\\\/impressum\\\/agbs\\\/\",\"url\":\"https:\\\/\\\/www.rm-communication.de\\\/home\\\/impressum\\\/agbs\\\/\",\"name\":\"Allgemeine Gesch\u00e4ftsbedingungen - RM-Communication\",\"isPartOf\":{\"@id\":\"https:\\\/\\\/www.rm-communication.de\\\/home\\\/#website\"},\"datePublished\":\"2013-07-16T19:47:21+00:00\",\"dateModified\":\"2014-05-10T06:40:56+00:00\",\"breadcrumb\":{\"@id\":\"https:\\\/\\\/www.rm-communication.de\\\/home\\\/impressum\\\/agbs\\\/#breadcrumb\"},\"inLanguage\":\"de\",\"potentialAction\":[{\"@type\":\"ReadAction\",\"target\":[\"https:\\\/\\\/www.rm-communication.de\\\/home\\\/impressum\\\/agbs\\\/\"]}]},{\"@type\":\"BreadcrumbList\",\"@id\":\"https:\\\/\\\/www.rm-communication.de\\\/home\\\/impressum\\\/agbs\\\/#breadcrumb\",\"itemListElement\":[{\"@type\":\"ListItem\",\"position\":1,\"name\":\"Home\",\"item\":\"https:\\\/\\\/www.rm-communication.de\\\/home\\\/\"},{\"@type\":\"ListItem\",\"position\":2,\"name\":\"Impressum\",\"item\":\"https:\\\/\\\/www.rm-communication.de\\\/home\\\/impressum\\\/\"},{\"@type\":\"ListItem\",\"position\":3,\"name\":\"Allgemeine Gesch\u00e4ftsbedingungen\"}]},{\"@type\":\"WebSite\",\"@id\":\"https:\\\/\\\/www.rm-communication.de\\\/home\\\/#website\",\"url\":\"https:\\\/\\\/www.rm-communication.de\\\/home\\\/\",\"name\":\"RM-Communication\",\"description\":\"Agentur f\u00fcr Kommunikation, PR-Service, Content-Management und Pr\u00e4sentationen\",\"potentialAction\":[{\"@type\":\"SearchAction\",\"target\":{\"@type\":\"EntryPoint\",\"urlTemplate\":\"https:\\\/\\\/www.rm-communication.de\\\/home\\\/?s={search_term_string}\"},\"query-input\":{\"@type\":\"PropertyValueSpecification\",\"valueRequired\":true,\"valueName\":\"search_term_string\"}}],\"inLanguage\":\"de\"}]}<\/script>\n<!-- \/ Yoast SEO plugin. -->","yoast_head_json":{"title":"Allgemeine Gesch\u00e4ftsbedingungen - RM-Communication","robots":{"index":"index","follow":"follow","max-snippet":"max-snippet:-1","max-image-preview":"max-image-preview:large","max-video-preview":"max-video-preview:-1"},"canonical":"https:\/\/www.rm-communication.de\/home\/impressum\/agbs\/","og_locale":"de_DE","og_type":"article","og_title":"Allgemeine Gesch\u00e4ftsbedingungen - RM-Communication","og_description":"F\u00fcr Kunden: AGBs Kunden.pdf F\u00fcr Lieferanten: AGBs Lieferanten.pdf Bei Fragen zu den AGBs kontaktieren Sie uns einfach! &nbsp; &nbsp; &nbsp;","og_url":"https:\/\/www.rm-communication.de\/home\/impressum\/agbs\/","og_site_name":"RM-Communication","article_modified_time":"2014-05-10T06:40:56+00:00","twitter_card":"summary_large_image","schema":{"@context":"https:\/\/schema.org","@graph":[{"@type":"WebPage","@id":"https:\/\/www.rm-communication.de\/home\/impressum\/agbs\/","url":"https:\/\/www.rm-communication.de\/home\/impressum\/agbs\/","name":"Allgemeine Gesch\u00e4ftsbedingungen - RM-Communication","isPartOf":{"@id":"https:\/\/www.rm-communication.de\/home\/#website"},"datePublished":"2013-07-16T19:47:21+00:00","dateModified":"2014-05-10T06:40:56+00:00","breadcrumb":{"@id":"https:\/\/www.rm-communication.de\/home\/impressum\/agbs\/#breadcrumb"},"inLanguage":"de","potentialAction":[{"@type":"ReadAction","target":["https:\/\/www.rm-communication.de\/home\/impressum\/agbs\/"]}]},{"@type":"BreadcrumbList","@id":"https:\/\/www.rm-communication.de\/home\/impressum\/agbs\/#breadcrumb","itemListElement":[{"@type":"ListItem","position":1,"name":"Home","item":"https:\/\/www.rm-communication.de\/home\/"},{"@type":"ListItem","position":2,"name":"Impressum","item":"https:\/\/www.rm-communication.de\/home\/impressum\/"},{"@type":"ListItem","position":3,"name":"Allgemeine Gesch\u00e4ftsbedingungen"}]},{"@type":"WebSite","@id":"https:\/\/www.rm-communication.de\/home\/#website","url":"https:\/\/www.rm-communication.de\/home\/","name":"RM-Communication","description":"Agentur f\u00fcr Kommunikation, PR-Service, Content-Management und Pr\u00e4sentationen","potentialAction":[{"@type":"SearchAction","target":{"@type":"EntryPoint","urlTemplate":"https:\/\/www.rm-communication.de\/home\/?s={search_term_string}"},"query-input":{"@type":"PropertyValueSpecification","valueRequired":true,"valueName":"search_term_string"}}],"inLanguage":"de"}]}},"_links":{"self":[{"href":"https:\/\/www.rm-communication.de\/home\/wp-json\/wp\/v2\/pages\/40","targetHints":{"allow":["GET"]}}],"collection":[{"href":"https:\/\/www.rm-communication.de\/home\/wp-json\/wp\/v2\/pages"}],"about":[{"href":"https:\/\/www.rm-communication.de\/home\/wp-json\/wp\/v2\/types\/page"}],"author":[{"embeddable":true,"href":"https:\/\/www.rm-communication.de\/home\/wp-json\/wp\/v2\/users\/1"}],"replies":[{"embeddable":true,"href":"https:\/\/www.rm-communication.de\/home\/wp-json\/wp\/v2\/comments?post=40"}],"version-history":[{"count":14,"href":"https:\/\/www.rm-communication.de\/home\/wp-json\/wp\/v2\/pages\/40\/revisions"}],"predecessor-version":[{"id":361,"href":"https:\/\/www.rm-communication.de\/home\/wp-json\/wp\/v2\/pages\/40\/revisions\/361"}],"up":[{"embeddable":true,"href":"https:\/\/www.rm-communication.de\/home\/wp-json\/wp\/v2\/pages\/30"}],"wp:attachment":[{"href":"https:\/\/www.rm-communication.de\/home\/wp-json\/wp\/v2\/media?parent=40"}],"curies":[{"name":"wp","href":"https:\/\/api.w.org\/{rel}","templated":true}]}}