{"id":498,"date":"2014-05-10T08:50:15","date_gmt":"2014-05-10T06:50:15","guid":{"rendered":"http:\/\/www.rm-communication.de\/home\/?page_id=498"},"modified":"2014-05-10T08:57:09","modified_gmt":"2014-05-10T06:57:09","slug":"business-principles","status":"publish","type":"page","link":"https:\/\/www.rm-communication.de\/home\/ueber-rmc\/business-principles\/","title":{"rendered":"Business Principles"},"content":{"rendered":"<ul>\n<li>RMC betreibt Kommunikationsberatung f\u00fcr Institutionen und Organisationen mit dem Zweck, die \u00f6ffentliche Wahrnehmung der Auftraggeber im Sinne seiner Kommunikationsziele zu verbessern.<\/li>\n<li>Der Kunde steht im Zentrum unseres Denken und Handelns. Seine Zufriedenheit ist unser oberstes Ziel. Gutes erhalten und Neues Erschaffen, Kreativit\u00e4t, Vorstellungsverm\u00f6gen und h\u00f6chste Qualit\u00e4t der Arbeit sind unsere Voraussetzungen, bessere L\u00f6sungen f\u00fcr die Probleme unserer Kunden zu finden.<\/li>\n<li>Gute Kommunikationsarbeit verlangt Professionalit\u00e4t, Transparenz und Zuverl\u00e4ssigkeit. RMC hat sich diesen Leitlinien verschrieben.<\/li>\n<li>RMC macht ungew\u00f6hnliche Anstrengungen, um L\u00f6sungen f\u00fcr die Probleme unserer Kunden zu finden.<\/li>\n<li>Informationen, die im Laufe der Zusammenarbeit \u00fcber die Auftraggeber gewonnen wurden, werden selbstredend diskret, sensibel und vertraulich behandelt und nicht an Dritte weitergegeben. Ausnahme: Der Kunde erlaubt dies ausdr\u00fccklich.<\/li>\n<li>RMC verpflichtet sich den Interessen des Kunden, distanziert sich aber von seinen weltanschaulichen, politischen oder religi\u00f6sen Interessen.<\/li>\n<li>Auftr\u00e4ge, die zu gesellschaftlichen, rassistischen, sexuellen oder religi\u00f6sen Diskriminierungen f\u00fchren k\u00f6nnen, werden von RMC abgelehnt.<\/li>\n<li>Auftr\u00e4ge, die gesetzlichen Bestimmungen zuwiderlaufen, werden ebenfalls abgelehnt.<\/li>\n<li>RMC achtet auf die Einhaltung dieser Prinzipien, wenn komplexere Auftr\u00e4ge in Kooperation mit Partnern abgewickelt werden m\u00fcssen.<\/li>\n<\/ul>\n","protected":false},"excerpt":{"rendered":"<div class=\"mh-excerpt\"><p>RMC betreibt Kommunikationsberatung f\u00fcr Institutionen und Organisationen mit dem Zweck, die \u00f6ffentliche Wahrnehmung der Auftraggeber im Sinne seiner Kommunikationsziele zu <a class=\"mh-excerpt-more\" href=\"https:\/\/www.rm-communication.de\/home\/ueber-rmc\/business-principles\/\" title=\"Business Principles\">[Mehr &#8230;]<\/a><\/p>\n<\/div>","protected":false},"author":1,"featured_media":0,"parent":15,"menu_order":0,"comment_status":"closed","ping_status":"open","template":"full-width-page.php","meta":{"footnotes":""},"class_list":["post-498","page","type-page","status-publish"],"yoast_head":"<!-- This site is optimized with the Yoast SEO plugin v27.3 - https:\/\/yoast.com\/product\/yoast-seo-wordpress\/ -->\n<title>Business Principles - RM-Communication<\/title>\n<meta name=\"robots\" content=\"index, follow, max-snippet:-1, max-image-preview:large, max-video-preview:-1\" \/>\n<link rel=\"canonical\" href=\"https:\/\/www.rm-communication.de\/home\/ueber-rmc\/business-principles\/\" \/>\n<meta property=\"og:locale\" content=\"de_DE\" \/>\n<meta property=\"og:type\" content=\"article\" \/>\n<meta property=\"og:title\" content=\"Business Principles - RM-Communication\" \/>\n<meta property=\"og:description\" content=\"RMC betreibt Kommunikationsberatung f\u00fcr Institutionen und Organisationen mit dem Zweck, die \u00f6ffentliche Wahrnehmung der Auftraggeber im Sinne seiner Kommunikationsziele zu [Mehr ...]\" \/>\n<meta property=\"og:url\" content=\"https:\/\/www.rm-communication.de\/home\/ueber-rmc\/business-principles\/\" \/>\n<meta property=\"og:site_name\" content=\"RM-Communication\" \/>\n<meta property=\"article:modified_time\" content=\"2014-05-10T06:57:09+00:00\" \/>\n<meta name=\"twitter:card\" content=\"summary_large_image\" \/>\n<meta name=\"twitter:label1\" content=\"Gesch\u00e4tzte Lesezeit\" \/>\n\t<meta name=\"twitter:data1\" content=\"1\u00a0Minute\" \/>\n<script type=\"application\/ld+json\" class=\"yoast-schema-graph\">{\"@context\":\"https:\\\/\\\/schema.org\",\"@graph\":[{\"@type\":\"WebPage\",\"@id\":\"https:\\\/\\\/www.rm-communication.de\\\/home\\\/ueber-rmc\\\/business-principles\\\/\",\"url\":\"https:\\\/\\\/www.rm-communication.de\\\/home\\\/ueber-rmc\\\/business-principles\\\/\",\"name\":\"Business Principles - RM-Communication\",\"isPartOf\":{\"@id\":\"https:\\\/\\\/www.rm-communication.de\\\/home\\\/#website\"},\"datePublished\":\"2014-05-10T06:50:15+00:00\",\"dateModified\":\"2014-05-10T06:57:09+00:00\",\"breadcrumb\":{\"@id\":\"https:\\\/\\\/www.rm-communication.de\\\/home\\\/ueber-rmc\\\/business-principles\\\/#breadcrumb\"},\"inLanguage\":\"de\",\"potentialAction\":[{\"@type\":\"ReadAction\",\"target\":[\"https:\\\/\\\/www.rm-communication.de\\\/home\\\/ueber-rmc\\\/business-principles\\\/\"]}]},{\"@type\":\"BreadcrumbList\",\"@id\":\"https:\\\/\\\/www.rm-communication.de\\\/home\\\/ueber-rmc\\\/business-principles\\\/#breadcrumb\",\"itemListElement\":[{\"@type\":\"ListItem\",\"position\":1,\"name\":\"Home\",\"item\":\"https:\\\/\\\/www.rm-communication.de\\\/home\\\/\"},{\"@type\":\"ListItem\",\"position\":2,\"name\":\"\u00dcber uns\",\"item\":\"https:\\\/\\\/www.rm-communication.de\\\/home\\\/ueber-rmc\\\/\"},{\"@type\":\"ListItem\",\"position\":3,\"name\":\"Business Principles\"}]},{\"@type\":\"WebSite\",\"@id\":\"https:\\\/\\\/www.rm-communication.de\\\/home\\\/#website\",\"url\":\"https:\\\/\\\/www.rm-communication.de\\\/home\\\/\",\"name\":\"RM-Communication\",\"description\":\"Agentur f\u00fcr Kommunikation, PR-Service, Content-Management und Pr\u00e4sentationen\",\"potentialAction\":[{\"@type\":\"SearchAction\",\"target\":{\"@type\":\"EntryPoint\",\"urlTemplate\":\"https:\\\/\\\/www.rm-communication.de\\\/home\\\/?s={search_term_string}\"},\"query-input\":{\"@type\":\"PropertyValueSpecification\",\"valueRequired\":true,\"valueName\":\"search_term_string\"}}],\"inLanguage\":\"de\"}]}<\/script>\n<!-- \/ Yoast SEO plugin. -->","yoast_head_json":{"title":"Business Principles - RM-Communication","robots":{"index":"index","follow":"follow","max-snippet":"max-snippet:-1","max-image-preview":"max-image-preview:large","max-video-preview":"max-video-preview:-1"},"canonical":"https:\/\/www.rm-communication.de\/home\/ueber-rmc\/business-principles\/","og_locale":"de_DE","og_type":"article","og_title":"Business Principles - RM-Communication","og_description":"RMC betreibt Kommunikationsberatung f\u00fcr Institutionen und Organisationen mit dem Zweck, die \u00f6ffentliche Wahrnehmung der Auftraggeber im Sinne seiner Kommunikationsziele zu [Mehr ...]","og_url":"https:\/\/www.rm-communication.de\/home\/ueber-rmc\/business-principles\/","og_site_name":"RM-Communication","article_modified_time":"2014-05-10T06:57:09+00:00","twitter_card":"summary_large_image","twitter_misc":{"Gesch\u00e4tzte Lesezeit":"1\u00a0Minute"},"schema":{"@context":"https:\/\/schema.org","@graph":[{"@type":"WebPage","@id":"https:\/\/www.rm-communication.de\/home\/ueber-rmc\/business-principles\/","url":"https:\/\/www.rm-communication.de\/home\/ueber-rmc\/business-principles\/","name":"Business Principles - RM-Communication","isPartOf":{"@id":"https:\/\/www.rm-communication.de\/home\/#website"},"datePublished":"2014-05-10T06:50:15+00:00","dateModified":"2014-05-10T06:57:09+00:00","breadcrumb":{"@id":"https:\/\/www.rm-communication.de\/home\/ueber-rmc\/business-principles\/#breadcrumb"},"inLanguage":"de","potentialAction":[{"@type":"ReadAction","target":["https:\/\/www.rm-communication.de\/home\/ueber-rmc\/business-principles\/"]}]},{"@type":"BreadcrumbList","@id":"https:\/\/www.rm-communication.de\/home\/ueber-rmc\/business-principles\/#breadcrumb","itemListElement":[{"@type":"ListItem","position":1,"name":"Home","item":"https:\/\/www.rm-communication.de\/home\/"},{"@type":"ListItem","position":2,"name":"\u00dcber uns","item":"https:\/\/www.rm-communication.de\/home\/ueber-rmc\/"},{"@type":"ListItem","position":3,"name":"Business Principles"}]},{"@type":"WebSite","@id":"https:\/\/www.rm-communication.de\/home\/#website","url":"https:\/\/www.rm-communication.de\/home\/","name":"RM-Communication","description":"Agentur f\u00fcr Kommunikation, PR-Service, Content-Management und Pr\u00e4sentationen","potentialAction":[{"@type":"SearchAction","target":{"@type":"EntryPoint","urlTemplate":"https:\/\/www.rm-communication.de\/home\/?s={search_term_string}"},"query-input":{"@type":"PropertyValueSpecification","valueRequired":true,"valueName":"search_term_string"}}],"inLanguage":"de"}]}},"_links":{"self":[{"href":"https:\/\/www.rm-communication.de\/home\/wp-json\/wp\/v2\/pages\/498","targetHints":{"allow":["GET"]}}],"collection":[{"href":"https:\/\/www.rm-communication.de\/home\/wp-json\/wp\/v2\/pages"}],"about":[{"href":"https:\/\/www.rm-communication.de\/home\/wp-json\/wp\/v2\/types\/page"}],"author":[{"embeddable":true,"href":"https:\/\/www.rm-communication.de\/home\/wp-json\/wp\/v2\/users\/1"}],"replies":[{"embeddable":true,"href":"https:\/\/www.rm-communication.de\/home\/wp-json\/wp\/v2\/comments?post=498"}],"version-history":[{"count":2,"href":"https:\/\/www.rm-communication.de\/home\/wp-json\/wp\/v2\/pages\/498\/revisions"}],"predecessor-version":[{"id":502,"href":"https:\/\/www.rm-communication.de\/home\/wp-json\/wp\/v2\/pages\/498\/revisions\/502"}],"up":[{"embeddable":true,"href":"https:\/\/www.rm-communication.de\/home\/wp-json\/wp\/v2\/pages\/15"}],"wp:attachment":[{"href":"https:\/\/www.rm-communication.de\/home\/wp-json\/wp\/v2\/media?parent=498"}],"curies":[{"name":"wp","href":"https:\/\/api.w.org\/{rel}","templated":true}]}}